{"id":6707,"date":"2026-04-16T19:49:33","date_gmt":"2026-04-16T19:49:33","guid":{"rendered":"https:\/\/appw.pt\/?post_type=product&#038;p=6707"},"modified":"2026-04-16T19:49:33","modified_gmt":"2026-04-16T19:49:33","slug":"saco-appw-verde","status":"publish","type":"product","link":"https:\/\/appw.pt\/index.php\/product\/saco-appw-verde\/","title":{"rendered":"Saco APPW \u2014 Verde"},"content":{"rendered":"<div class=\"card-desc\">Saco de cord\u00e3o verde lima com o log\u00f3tipo APPW estampado. Leve e pr\u00e1tico, ideal para eventos, escola ou gin\u00e1sio. Detalhes em azul turquesa e laranja nos cantos, com cord\u00e3o ajust\u00e1vel.<\/div>\n","protected":false},"excerpt":{"rendered":"<p>Saco de cord\u00e3o verde lima com o log\u00f3tipo APPW estampado. Leve e pr\u00e1tico, ideal para eventos, escola ou gin\u00e1sio. Detalhes em azul turquesa e laranja nos cantos, com cord\u00e3o ajust\u00e1vel.<\/p>\n","protected":false},"featured_media":6708,"template":"","meta":[],"product_brand":[],"product_cat":[51],"product_tag":[],"class_list":{"0":"post-6707","1":"product","2":"type-product","3":"status-publish","4":"has-post-thumbnail","6":"product_cat-popular","8":"first","9":"instock","10":"shipping-taxable","11":"purchasable","12":"product-type-simple"},"_links":{"self":[{"href":"https:\/\/appw.pt\/index.php\/wp-json\/wp\/v2\/product\/6707","targetHints":{"allow":["GET"]}}],"collection":[{"href":"https:\/\/appw.pt\/index.php\/wp-json\/wp\/v2\/product"}],"about":[{"href":"https:\/\/appw.pt\/index.php\/wp-json\/wp\/v2\/types\/product"}],"wp:featuredmedia":[{"embeddable":true,"href":"https:\/\/appw.pt\/index.php\/wp-json\/wp\/v2\/media\/6708"}],"wp:attachment":[{"href":"https:\/\/appw.pt\/index.php\/wp-json\/wp\/v2\/media?parent=6707"}],"wp:term":[{"taxonomy":"product_brand","embeddable":true,"href":"https:\/\/appw.pt\/index.php\/wp-json\/wp\/v2\/product_brand?post=6707"},{"taxonomy":"product_cat","embeddable":true,"href":"https:\/\/appw.pt\/index.php\/wp-json\/wp\/v2\/product_cat?post=6707"},{"taxonomy":"product_tag","embeddable":true,"href":"https:\/\/appw.pt\/index.php\/wp-json\/wp\/v2\/product_tag?post=6707"}],"curies":[{"name":"wp","href":"https:\/\/api.w.org\/{rel}","templated":true}]}}