{"id":6705,"date":"2026-04-16T19:48:35","date_gmt":"2026-04-16T19:48:35","guid":{"rendered":"https:\/\/appw.pt\/?post_type=product&#038;p=6705"},"modified":"2026-04-16T21:02:28","modified_gmt":"2026-04-16T21:02:28","slug":"t-shirt-appw-azul-desportiva","status":"publish","type":"product","link":"https:\/\/appw.pt\/index.php\/product\/t-shirt-appw-azul-desportiva\/","title":{"rendered":"T-shirt APPW \u2014 Azul (Desportiva)"},"content":{"rendered":"<div class=\"card-desc\">T-shirt t\u00e9cnica de poli\u00e9ster azul com log\u00f3tipo APPW no peito. Tecido respir\u00e1vel e de secagem r\u00e1pida, perfeita para corridas, caminhadas solid\u00e1rias e atividades ao ar livre.<\/div>\n<div class=\"card-footer\"><\/div>\n","protected":false},"excerpt":{"rendered":"<p>T-shirt t\u00e9cnica de poli\u00e9ster azul com log\u00f3tipo APPW no peito. Tecido respir\u00e1vel e de secagem r\u00e1pida, perfeita para corridas, caminhadas solid\u00e1rias e atividades ao ar livre.<\/p>\n","protected":false},"featured_media":6706,"template":"","meta":[],"product_brand":[],"product_cat":[50],"product_tag":[],"class_list":{"0":"post-6705","1":"product","2":"type-product","3":"status-publish","4":"has-post-thumbnail","6":"product_cat-vestuario","8":"first","9":"instock","10":"shipping-taxable","11":"purchasable","12":"product-type-variable"},"_links":{"self":[{"href":"https:\/\/appw.pt\/index.php\/wp-json\/wp\/v2\/product\/6705","targetHints":{"allow":["GET"]}}],"collection":[{"href":"https:\/\/appw.pt\/index.php\/wp-json\/wp\/v2\/product"}],"about":[{"href":"https:\/\/appw.pt\/index.php\/wp-json\/wp\/v2\/types\/product"}],"wp:featuredmedia":[{"embeddable":true,"href":"https:\/\/appw.pt\/index.php\/wp-json\/wp\/v2\/media\/6706"}],"wp:attachment":[{"href":"https:\/\/appw.pt\/index.php\/wp-json\/wp\/v2\/media?parent=6705"}],"wp:term":[{"taxonomy":"product_brand","embeddable":true,"href":"https:\/\/appw.pt\/index.php\/wp-json\/wp\/v2\/product_brand?post=6705"},{"taxonomy":"product_cat","embeddable":true,"href":"https:\/\/appw.pt\/index.php\/wp-json\/wp\/v2\/product_cat?post=6705"},{"taxonomy":"product_tag","embeddable":true,"href":"https:\/\/appw.pt\/index.php\/wp-json\/wp\/v2\/product_tag?post=6705"}],"curies":[{"name":"wp","href":"https:\/\/api.w.org\/{rel}","templated":true}]}}