{"id":6700,"date":"2026-04-16T19:44:56","date_gmt":"2026-04-16T19:44:56","guid":{"rendered":"https:\/\/appw.pt\/?post_type=product&#038;p=6700"},"modified":"2026-04-16T19:44:57","modified_gmt":"2026-04-16T19:44:57","slug":"mb-way-pulse-2025","status":"publish","type":"product","link":"https:\/\/appw.pt\/index.php\/product\/mb-way-pulse-2025\/","title":{"rendered":"MB Way Pulse 2025"},"content":{"rendered":"<div class=\"card-desc\">Artigo comemorativo do evento &#8220;Ser Solid\u00e1rio 2025&#8221;, uma iniciativa de angaria\u00e7\u00e3o de fundos da APPW. Uma pe\u00e7a de cole\u00e7\u00e3o que celebra a solidariedade e o impacto da associa\u00e7\u00e3o junto da comunidade.<\/div>\n<div class=\"card-footer\"><\/div>\n","protected":false},"excerpt":{"rendered":"<p>Artigo comemorativo do evento &#8220;Ser Solid\u00e1rio 2025&#8221;, uma iniciativa de angaria\u00e7\u00e3o de fundos da APPW. Uma pe\u00e7a de cole\u00e7\u00e3o que celebra a solidariedade e o impacto da associa\u00e7\u00e3o junto da comunidade.<\/p>\n","protected":false},"featured_media":6702,"template":"","meta":[],"product_brand":[],"product_cat":[49],"product_tag":[],"class_list":{"0":"post-6700","1":"product","2":"type-product","3":"status-publish","4":"has-post-thumbnail","6":"product_cat-edicao-limitada","8":"first","9":"instock","10":"shipping-taxable","11":"purchasable","12":"product-type-simple"},"_links":{"self":[{"href":"https:\/\/appw.pt\/index.php\/wp-json\/wp\/v2\/product\/6700","targetHints":{"allow":["GET"]}}],"collection":[{"href":"https:\/\/appw.pt\/index.php\/wp-json\/wp\/v2\/product"}],"about":[{"href":"https:\/\/appw.pt\/index.php\/wp-json\/wp\/v2\/types\/product"}],"wp:featuredmedia":[{"embeddable":true,"href":"https:\/\/appw.pt\/index.php\/wp-json\/wp\/v2\/media\/6702"}],"wp:attachment":[{"href":"https:\/\/appw.pt\/index.php\/wp-json\/wp\/v2\/media?parent=6700"}],"wp:term":[{"taxonomy":"product_brand","embeddable":true,"href":"https:\/\/appw.pt\/index.php\/wp-json\/wp\/v2\/product_brand?post=6700"},{"taxonomy":"product_cat","embeddable":true,"href":"https:\/\/appw.pt\/index.php\/wp-json\/wp\/v2\/product_cat?post=6700"},{"taxonomy":"product_tag","embeddable":true,"href":"https:\/\/appw.pt\/index.php\/wp-json\/wp\/v2\/product_tag?post=6700"}],"curies":[{"name":"wp","href":"https:\/\/api.w.org\/{rel}","templated":true}]}}