{"id":6698,"date":"2026-04-16T19:43:20","date_gmt":"2026-04-16T19:43:20","guid":{"rendered":"https:\/\/appw.pt\/?post_type=product&#038;p=6698"},"modified":"2026-04-16T19:43:20","modified_gmt":"2026-04-16T19:43:20","slug":"caderno-de-notas-appw","status":"publish","type":"product","link":"https:\/\/appw.pt\/index.php\/product\/caderno-de-notas-appw\/","title":{"rendered":"Caderno de Notas APPW"},"content":{"rendered":"<div class=\"card-desc\">Caderno com capa personalizada APPW, ideal para consultas m\u00e9dicas, reuni\u00f5es e anota\u00e7\u00f5es do dia a dia. Um companheiro pr\u00e1tico com identidade solid\u00e1ria.<\/div>\n","protected":false},"excerpt":{"rendered":"<p>Caderno com capa personalizada APPW, ideal para consultas m\u00e9dicas, reuni\u00f5es e anota\u00e7\u00f5es do dia a dia. Um companheiro pr\u00e1tico com identidade solid\u00e1ria.<\/p>\n","protected":false},"featured_media":6699,"template":"","meta":[],"product_brand":[],"product_cat":[48],"product_tag":[],"class_list":{"0":"post-6698","1":"product","2":"type-product","3":"status-publish","4":"has-post-thumbnail","6":"product_cat-merch","8":"first","9":"instock","10":"shipping-taxable","11":"purchasable","12":"product-type-simple"},"_links":{"self":[{"href":"https:\/\/appw.pt\/index.php\/wp-json\/wp\/v2\/product\/6698","targetHints":{"allow":["GET"]}}],"collection":[{"href":"https:\/\/appw.pt\/index.php\/wp-json\/wp\/v2\/product"}],"about":[{"href":"https:\/\/appw.pt\/index.php\/wp-json\/wp\/v2\/types\/product"}],"wp:featuredmedia":[{"embeddable":true,"href":"https:\/\/appw.pt\/index.php\/wp-json\/wp\/v2\/media\/6699"}],"wp:attachment":[{"href":"https:\/\/appw.pt\/index.php\/wp-json\/wp\/v2\/media?parent=6698"}],"wp:term":[{"taxonomy":"product_brand","embeddable":true,"href":"https:\/\/appw.pt\/index.php\/wp-json\/wp\/v2\/product_brand?post=6698"},{"taxonomy":"product_cat","embeddable":true,"href":"https:\/\/appw.pt\/index.php\/wp-json\/wp\/v2\/product_cat?post=6698"},{"taxonomy":"product_tag","embeddable":true,"href":"https:\/\/appw.pt\/index.php\/wp-json\/wp\/v2\/product_tag?post=6698"}],"curies":[{"name":"wp","href":"https:\/\/api.w.org\/{rel}","templated":true}]}}