{"id":6691,"date":"2026-04-16T19:40:07","date_gmt":"2026-04-16T19:40:07","guid":{"rendered":"https:\/\/appw.pt\/?post_type=product&#038;p=6691"},"modified":"2026-04-16T21:18:34","modified_gmt":"2026-04-16T21:18:34","slug":"guia-alertas-medicos-na-spw-edicao-2025","status":"publish","type":"product","link":"https:\/\/appw.pt\/index.php\/product\/guia-alertas-medicos-na-spw-edicao-2025\/","title":{"rendered":"Guia &#8220;Alertas M\u00e9dicos&#8221; \u2014 Edi\u00e7\u00e3o 2025"},"content":{"rendered":"<div class=\"card-desc\">Guia pr\u00e1tico e atualizado sobre sinais de alerta, cuidados m\u00e9dicos e orienta\u00e7\u00f5es cl\u00ednicas para pais, cuidadores e profissionais de sa\u00fade. Tradu\u00e7\u00e3o oficial autorizada pela IPWSO, com revis\u00e3o cient\u00edfica pela Dra. Br\u00edgida Robalo. Produzido pela Grafisol.<\/div>\n","protected":false},"excerpt":{"rendered":"<p>Guia pr\u00e1tico e atualizado sobre sinais de alerta, cuidados m\u00e9dicos e orienta\u00e7\u00f5es cl\u00ednicas para pais, cuidadores e profissionais de sa\u00fade. Tradu\u00e7\u00e3o oficial autorizada pela IPWSO, com revis\u00e3o cient\u00edfica pela Dra. Br\u00edgida Robalo. Produzido pela Grafisol.<\/p>\n","protected":false},"featured_media":6693,"template":"","meta":[],"product_brand":[],"product_cat":[47],"product_tag":[],"class_list":{"0":"post-6691","1":"product","2":"type-product","3":"status-publish","4":"has-post-thumbnail","6":"product_cat-publicacao-oficial","8":"first","9":"instock","10":"shipping-taxable","11":"purchasable","12":"product-type-simple"},"_links":{"self":[{"href":"https:\/\/appw.pt\/index.php\/wp-json\/wp\/v2\/product\/6691","targetHints":{"allow":["GET"]}}],"collection":[{"href":"https:\/\/appw.pt\/index.php\/wp-json\/wp\/v2\/product"}],"about":[{"href":"https:\/\/appw.pt\/index.php\/wp-json\/wp\/v2\/types\/product"}],"wp:featuredmedia":[{"embeddable":true,"href":"https:\/\/appw.pt\/index.php\/wp-json\/wp\/v2\/media\/6693"}],"wp:attachment":[{"href":"https:\/\/appw.pt\/index.php\/wp-json\/wp\/v2\/media?parent=6691"}],"wp:term":[{"taxonomy":"product_brand","embeddable":true,"href":"https:\/\/appw.pt\/index.php\/wp-json\/wp\/v2\/product_brand?post=6691"},{"taxonomy":"product_cat","embeddable":true,"href":"https:\/\/appw.pt\/index.php\/wp-json\/wp\/v2\/product_cat?post=6691"},{"taxonomy":"product_tag","embeddable":true,"href":"https:\/\/appw.pt\/index.php\/wp-json\/wp\/v2\/product_tag?post=6691"}],"curies":[{"name":"wp","href":"https:\/\/api.w.org\/{rel}","templated":true}]}}