{"id":6688,"date":"2026-04-16T19:37:52","date_gmt":"2026-04-16T19:37:52","guid":{"rendered":"https:\/\/appw.pt\/?post_type=product&#038;p=6688"},"modified":"2026-04-16T19:50:35","modified_gmt":"2026-04-16T19:50:35","slug":"porta-chaves-appw-madeira","status":"publish","type":"product","link":"https:\/\/appw.pt\/index.php\/product\/porta-chaves-appw-madeira\/","title":{"rendered":"Porta-chaves APPW \u2014 Madeira"},"content":{"rendered":"<p>Porta-chaves artesanal em madeira natural com o log\u00f3tipo e nome da APPW gravados. Pe\u00e7a \u00fanica, com acabamento premium e argola met\u00e1lica. Uma lembran\u00e7a especial e duradoura.<\/p>\n","protected":false},"excerpt":{"rendered":"<p>Porta-chaves artesanal em madeira natural com o log\u00f3tipo e nome da APPW gravados. Pe\u00e7a \u00fanica, com acabamento premium e argola met\u00e1lica. Uma lembran\u00e7a especial e duradoura.<\/p>\n","protected":false},"featured_media":6690,"template":"","meta":[],"product_brand":[],"product_cat":[46],"product_tag":[],"class_list":{"0":"post-6688","1":"product","2":"type-product","3":"status-publish","4":"has-post-thumbnail","6":"product_cat-brindes","8":"first","9":"instock","10":"shipping-taxable","11":"purchasable","12":"product-type-simple"},"_links":{"self":[{"href":"https:\/\/appw.pt\/index.php\/wp-json\/wp\/v2\/product\/6688","targetHints":{"allow":["GET"]}}],"collection":[{"href":"https:\/\/appw.pt\/index.php\/wp-json\/wp\/v2\/product"}],"about":[{"href":"https:\/\/appw.pt\/index.php\/wp-json\/wp\/v2\/types\/product"}],"wp:featuredmedia":[{"embeddable":true,"href":"https:\/\/appw.pt\/index.php\/wp-json\/wp\/v2\/media\/6690"}],"wp:attachment":[{"href":"https:\/\/appw.pt\/index.php\/wp-json\/wp\/v2\/media?parent=6688"}],"wp:term":[{"taxonomy":"product_brand","embeddable":true,"href":"https:\/\/appw.pt\/index.php\/wp-json\/wp\/v2\/product_brand?post=6688"},{"taxonomy":"product_cat","embeddable":true,"href":"https:\/\/appw.pt\/index.php\/wp-json\/wp\/v2\/product_cat?post=6688"},{"taxonomy":"product_tag","embeddable":true,"href":"https:\/\/appw.pt\/index.php\/wp-json\/wp\/v2\/product_tag?post=6688"}],"curies":[{"name":"wp","href":"https:\/\/api.w.org\/{rel}","templated":true}]}}