{"id":6682,"date":"2026-04-16T19:32:03","date_gmt":"2026-04-16T19:32:03","guid":{"rendered":"https:\/\/appw.pt\/?post_type=product&#038;p=6682"},"modified":"2026-04-16T19:33:12","modified_gmt":"2026-04-16T19:33:12","slug":"porta-chaves-appw-fita-branca","status":"publish","type":"product","link":"https:\/\/appw.pt\/index.php\/product\/porta-chaves-appw-fita-branca\/","title":{"rendered":"Porta-chaves APPW \u2014 Fita Branca"},"content":{"rendered":"<p>Porta-chaves em fita branca com o log\u00f3tipo e identidade visual da APPW. Leve, resistente e com gancho met\u00e1lico de qualidade. Um gesto de solidariedade sempre \u00e0 m\u00e3o.<\/p>\n","protected":false},"excerpt":{"rendered":"<p>Porta-chaves em fita branca com o log\u00f3tipo e identidade visual da APPW. Leve, resistente e com gancho met\u00e1lico de qualidade. Um gesto de solidariedade sempre \u00e0 m\u00e3o.<\/p>\n","protected":false},"featured_media":6684,"template":"","meta":[],"product_brand":[],"product_cat":[46],"product_tag":[],"class_list":{"0":"post-6682","1":"product","2":"type-product","3":"status-publish","4":"has-post-thumbnail","6":"product_cat-brindes","8":"first","9":"instock","10":"shipping-taxable","11":"purchasable","12":"product-type-simple"},"_links":{"self":[{"href":"https:\/\/appw.pt\/index.php\/wp-json\/wp\/v2\/product\/6682","targetHints":{"allow":["GET"]}}],"collection":[{"href":"https:\/\/appw.pt\/index.php\/wp-json\/wp\/v2\/product"}],"about":[{"href":"https:\/\/appw.pt\/index.php\/wp-json\/wp\/v2\/types\/product"}],"wp:featuredmedia":[{"embeddable":true,"href":"https:\/\/appw.pt\/index.php\/wp-json\/wp\/v2\/media\/6684"}],"wp:attachment":[{"href":"https:\/\/appw.pt\/index.php\/wp-json\/wp\/v2\/media?parent=6682"}],"wp:term":[{"taxonomy":"product_brand","embeddable":true,"href":"https:\/\/appw.pt\/index.php\/wp-json\/wp\/v2\/product_brand?post=6682"},{"taxonomy":"product_cat","embeddable":true,"href":"https:\/\/appw.pt\/index.php\/wp-json\/wp\/v2\/product_cat?post=6682"},{"taxonomy":"product_tag","embeddable":true,"href":"https:\/\/appw.pt\/index.php\/wp-json\/wp\/v2\/product_tag?post=6682"}],"curies":[{"name":"wp","href":"https:\/\/api.w.org\/{rel}","templated":true}]}}