{"id":6766,"date":"2026-04-28T12:51:40","date_gmt":"2026-04-28T12:51:40","guid":{"rendered":"https:\/\/appw.pt\/?page_id=6766"},"modified":"2026-04-28T12:56:55","modified_gmt":"2026-04-28T12:56:55","slug":"lacos-que-curam-evento-de-hipoterapia","status":"publish","type":"page","link":"https:\/\/appw.pt\/index.php\/lacos-que-curam-evento-de-hipoterapia\/","title":{"rendered":"La\u00e7os que Curam &#8211; Evento de Hipoterapia"},"content":{"rendered":"\t\t<div data-elementor-type=\"wp-page\" data-elementor-id=\"6766\" class=\"elementor elementor-6766\">\n\t\t\t\t<div class=\"elementor-element elementor-element-1457eb4 e-flex e-con-boxed e-con e-parent\" data-id=\"1457eb4\" data-element_type=\"container\" data-e-type=\"container\">\r\n\t\t\t\t\t<div class=\"e-con-inner\">\r\n\t\t\t\t<div class=\"elementor-element elementor-element-0b7a2c2 elementor-widget elementor-widget-spacer\" data-id=\"0b7a2c2\" data-element_type=\"widget\" data-e-type=\"widget\" data-widget_type=\"spacer.default\">\n\t\t\t\t<div class=\"elementor-widget-container\">\n\t\t\t\t\t\t\t<div class=\"elementor-spacer\">\n\t\t\t<div class=\"elementor-spacer-inner\"><\/div>\n\t\t<\/div>\n\t\t\t\t\t\t<\/div>\n\t\t\t\t<\/div>\n\t\t\t\t\t<\/div>\n\t\t\t\t<\/div>\n\t\t<div class=\"elementor-element elementor-element-ee36858 e-flex e-con-boxed e-con e-parent\" data-id=\"ee36858\" data-element_type=\"container\" data-e-type=\"container\">\r\n\t\t\t\t\t<div class=\"e-con-inner\">\r\n\t\t\t\t\t<\/div>\n\t\t\t\t<\/div>\n\t\t<div class=\"elementor-element elementor-element-0dcb42a e-flex e-con-boxed e-con e-parent\" data-id=\"0dcb42a\" data-element_type=\"container\" data-e-type=\"container\">\r\n\t\t\t\t\t<div class=\"e-con-inner\">\r\n\t\t<div class=\"elementor-element elementor-element-43edfe4 e-con-full e-flex e-con e-child\" data-id=\"43edfe4\" data-element_type=\"container\" data-e-type=\"container\">\r\n\t\t\t\t<div class=\"elementor-element elementor-element-9132722 elementor-widget elementor-widget-porto_ultimate_heading\" data-id=\"9132722\" data-element_type=\"widget\" data-e-type=\"widget\" data-widget_type=\"porto_ultimate_heading.default\">\n\t\t\t\t<div class=\"elementor-widget-container\">\n\t\t\t\t\t<div class=\"porto-u-heading  porto-u-bd11424de395366805213f3c847c9ae4\"><div class=\"porto-u-sub-heading\" style=\"\"><p style=\"text-align: left;\"><span style=\"color: #000000;\">O evento <strong>\u201cLa\u00e7os que Curam\u201d<\/strong> nasceu com o prop\u00f3sito de proporcionar uma experi\u00eancia terap\u00eautica e emocionalmente enriquecedora a pessoas com s\u00edndrome de Prader-Willi e \u00e0s suas fam\u00edlias, atrav\u00e9s da hipoterapia. Com o valioso apoio da<strong><span style=\"color: #1c5fa8;\"> IPWSO e da Friends of IPWSO<\/span><\/strong>, esta iniciativa destacou-se como um momento de partilha, inclus\u00e3o e bem-estar.<\/span><\/p><p style=\"text-align: left;\"><span style=\"color: #000000;\">A hipoterapia, enquanto abordagem terap\u00eautica assistida por cavalos, revelou-se uma ferramenta fundamental no desenvolvimento f\u00edsico, emocional e social dos participantes. Ao longo do evento, foi poss\u00edvel observar melhorias na coordena\u00e7\u00e3o motora, no equil\u00edbrio e na confian\u00e7a, bem como um fortalecimento significativo dos la\u00e7os afetivos entre os participantes e os seus cuidadores. Este evento refor\u00e7a a import\u00e2ncia de iniciativas que promovam a inclus\u00e3o e o acesso a terapias diferenciadoras, evidenciando o impacto positivo que estas podem ter na qualidade de vida das pessoas com<strong><span style=\"color: #1c5fa8;\"> s\u00edndrome de Prader-Willi.<\/span><\/strong><\/span><\/p><p style=\"text-align: left;\"><span style=\"color: #000000;\"><strong>\u201cLa\u00e7os que Curam\u201d<\/strong> n\u00e3o foi apenas um evento \u2014 foi um encontro de afetos, um espa\u00e7o de crescimento e uma demonstra\u00e7\u00e3o clara de que, com apoio e dedica\u00e7\u00e3o, \u00e9 poss\u00edvel transformar vidas<\/span><\/p><\/div><style>.porto-u-bd11424de395366805213f3c847c9ae4.porto-u-heading{text-align:center}<\/style><\/div>\t\t\t\t<\/div>\n\t\t\t\t<\/div>\n\t\t\t\t<\/div>\n\t\t<div class=\"elementor-element elementor-element-6cbf647 e-con-full e-flex e-con e-child\" data-id=\"6cbf647\" data-element_type=\"container\" data-e-type=\"container\">\r\n\t\t\t\t<div class=\"elementor-element elementor-element-7ca503e elementor-widget elementor-widget-spacer\" data-id=\"7ca503e\" data-element_type=\"widget\" data-e-type=\"widget\" data-widget_type=\"spacer.default\">\n\t\t\t\t<div class=\"elementor-widget-container\">\n\t\t\t\t\t\t\t<div class=\"elementor-spacer\">\n\t\t\t<div class=\"elementor-spacer-inner\"><\/div>\n\t\t<\/div>\n\t\t\t\t\t\t<\/div>\n\t\t\t\t<\/div>\n\t\t\t\t<\/div>\n\t\t<div class=\"elementor-element elementor-element-0cd3d5a e-con-full e-flex e-con e-child\" data-id=\"0cd3d5a\" data-element_type=\"container\" data-e-type=\"container\">\r\n\t\t\t\t<div class=\"elementor-element elementor-element-6d7d9fe elementor-widget__width-auto elementor-widget elementor-widget-video\" data-id=\"6d7d9fe\" data-element_type=\"widget\" data-e-type=\"widget\" data-settings=\"{&quot;video_type&quot;:&quot;hosted&quot;,&quot;controls&quot;:&quot;yes&quot;}\" data-widget_type=\"video.default\">\n\t\t\t\t<div class=\"elementor-widget-container\">\n\t\t\t\t\t\t\t<div class=\"e-hosted-video elementor-wrapper elementor-open-inline\">\n\t\t\t\t\t<video class=\"elementor-video\" src=\"https:\/\/appw.pt\/wp-content\/uploads\/2026\/04\/Design-sem-nome-4-1.mp4\" controls=\"\" preload=\"metadata\" controlsList=\"nodownload\"><\/video>\n\t\t\t\t<\/div>\n\t\t\t\t\t\t<\/div>\n\t\t\t\t<\/div>\n\t\t\t\t<\/div>\n\t\t\t\t\t<\/div>\n\t\t\t\t<\/div>\n\t\t<div class=\"elementor-element elementor-element-441ac60 e-flex e-con-boxed e-con e-parent\" data-id=\"441ac60\" data-element_type=\"container\" data-e-type=\"container\">\r\n\t\t\t\t\t<div class=\"e-con-inner\">\r\n\t\t\t\t<div class=\"elementor-element elementor-element-1564360 elementor-widget elementor-widget-spacer\" data-id=\"1564360\" data-element_type=\"widget\" data-e-type=\"widget\" data-widget_type=\"spacer.default\">\n\t\t\t\t<div class=\"elementor-widget-container\">\n\t\t\t\t\t\t\t<div class=\"elementor-spacer\">\n\t\t\t<div class=\"elementor-spacer-inner\"><\/div>\n\t\t<\/div>\n\t\t\t\t\t\t<\/div>\n\t\t\t\t<\/div>\n\t\t\t\t\t<\/div>\n\t\t\t\t<\/div>\n\t\t<div class=\"elementor-element elementor-element-f439321 e-flex e-con-boxed e-con e-parent\" data-id=\"f439321\" data-element_type=\"container\" data-e-type=\"container\">\r\n\t\t\t\t\t<div class=\"e-con-inner\">\r\n\t\t\t\t<div class=\"elementor-element elementor-element-3286c28 elementor-invisible elementor-widget elementor-widget-heading\" data-id=\"3286c28\" data-element_type=\"widget\" data-e-type=\"widget\" data-settings=\"{&quot;_animation&quot;:&quot;fadeIn&quot;}\" data-widget_type=\"heading.default\">\n\t\t\t\t<div class=\"elementor-widget-container\">\n\t\t\t\t\t<h2 class=\"elementor-heading-title elementor-size-default\">Saiba mais sobre a IPWSO e a Friends of IPWSO<\/h2>\t\t\t\t<\/div>\n\t\t\t\t<\/div>\n\t\t\t\t\t<\/div>\n\t\t\t\t<\/div>\n\t\t<div class=\"elementor-element elementor-element-1281172 e-flex e-con-boxed e-con e-parent\" data-id=\"1281172\" data-element_type=\"container\" data-e-type=\"container\">\r\n\t\t\t\t\t<div class=\"e-con-inner\">\r\n\t\t\t\t<div class=\"elementor-element elementor-element-b33f03a elementor-widget-divider--view-line elementor-invisible elementor-widget elementor-widget-divider\" data-id=\"b33f03a\" data-element_type=\"widget\" data-e-type=\"widget\" data-settings=\"{&quot;_animation&quot;:&quot;fadeIn&quot;}\" data-widget_type=\"divider.default\">\n\t\t\t\t<div class=\"elementor-widget-container\">\n\t\t\t\t\t\t\t<div class=\"elementor-divider\">\n\t\t\t<span class=\"elementor-divider-separator\">\n\t\t\t\t\t\t<\/span>\n\t\t<\/div>\n\t\t\t\t\t\t<\/div>\n\t\t\t\t<\/div>\n\t\t\t\t\t<\/div>\n\t\t\t\t<\/div>\n\t\t<div class=\"elementor-element elementor-element-0755e61 e-flex e-con-boxed e-con e-parent\" data-id=\"0755e61\" data-element_type=\"container\" data-e-type=\"container\">\r\n\t\t\t\t\t<div class=\"e-con-inner\">\r\n\t\t\t\t<div class=\"elementor-element elementor-element-b2c10ef elementor-widget elementor-widget-spacer\" data-id=\"b2c10ef\" data-element_type=\"widget\" data-e-type=\"widget\" data-widget_type=\"spacer.default\">\n\t\t\t\t<div class=\"elementor-widget-container\">\n\t\t\t\t\t\t\t<div class=\"elementor-spacer\">\n\t\t\t<div class=\"elementor-spacer-inner\"><\/div>\n\t\t<\/div>\n\t\t\t\t\t\t<\/div>\n\t\t\t\t<\/div>\n\t\t\t\t\t<\/div>\n\t\t\t\t<\/div>\n\t\t<div class=\"elementor-element elementor-element-341f588 e-flex e-con-boxed e-con e-parent\" data-id=\"341f588\" data-element_type=\"container\" data-e-type=\"container\">\r\n\t\t\t\t\t<div class=\"e-con-inner\">\r\n\t\t\t\t<div class=\"elementor-element elementor-element-48d9977 elementor-widget elementor-widget-html\" data-id=\"48d9977\" data-element_type=\"widget\" data-e-type=\"widget\" data-widget_type=\"html.default\">\n\t\t\t\t<div class=\"elementor-widget-container\">\n\t\t\t\t\t<style>\r\n.parceiros-grid {\r\n  display: flex;\r\n  gap: 30px;\r\n  flex-wrap: wrap;\r\n}\r\n\r\n.parceiro-card {\r\n  position: relative;\r\n  width: 300px;\r\n  border-radius: 16px;\r\n  overflow: hidden;\r\n  box-shadow: 0 10px 25px rgba(0,0,0,0.15);\r\n  transform: translateY(30px);\r\n  opacity: 0;\r\n  animation: fadeUp 0.8s ease forwards;\r\n}\r\n\r\n.parceiro-card:nth-child(2) {\r\n  animation-delay: 0.3s;\r\n}\r\n\r\n@keyframes fadeUp {\r\n  to {\r\n    transform: translateY(0);\r\n    opacity: 1;\r\n  }\r\n}\r\n\r\n.parceiro-card img {\r\n  width: 100%;\r\n  height: 220px;\r\n  object-fit: cover;\r\n  transition: transform 0.5s ease;\r\n}\r\n\r\n.parceiro-card:hover img {\r\n  transform: scale(1.1);\r\n}\r\n\r\n.parceiro-overlay {\r\n  position: absolute;\r\n  bottom: 0;\r\n  width: 100%;\r\n  padding: 20px;\r\n  background: linear-gradient(to top, rgba(28,95,168,0.9), transparent);\r\n  color: white;\r\n  transition: all 0.3s ease;\r\n}\r\n\r\n.parceiro-card:hover .parceiro-overlay {\r\n  background: linear-gradient(to top, rgba(28,95,168,1), rgba(28,95,168,0.3));\r\n}\r\n\r\n.parceiro-title {\r\n  font-size: 18px;\r\n  font-weight: bold;\r\n  margin-bottom: 10px;\r\n}\r\n\r\n.parceiro-btn {\r\n  display: inline-block;\r\n  padding: 8px 16px;\r\n  background: #ffffff;\r\n  color: #1c5fa8;\r\n  border-radius: 20px;\r\n  font-size: 14px;\r\n  text-decoration: none;\r\n  transition: all 0.3s ease;\r\n}\r\n\r\n.parceiro-btn:hover {\r\n  background: #1c5fa8;\r\n  color: #fff;\r\n}\r\n<\/style>\r\n\r\n<div class=\"parceiros-grid\">\r\n\r\n  <div class=\"parceiro-card\">\r\n    <a href=\"https:\/\/www.ipwso.org\" target=\"_blank\">\r\n      <img decoding=\"async\" src=\"https:\/\/appw.pt\/wp-content\/uploads\/2026\/04\/Ano-Novo-com-a-Sindrome-de-Prader-Willi-2.png\">\r\n      <div class=\"parceiro-overlay\">\r\n        <div class=\"parceiro-title\">IPWSO<\/div>\r\n        <span class=\"parceiro-btn\">Saber mais<\/span>\r\n      <\/div>\r\n    <\/a>\r\n  <\/div>\r\n\r\n  <div class=\"parceiro-card\">\r\n    <a href=\"https:\/\/www.friendsofipwso.org\" target=\"_blank\">\r\n      <img decoding=\"async\" src=\"https:\/\/appw.pt\/wp-content\/uploads\/2026\/04\/Ano-Novo-com-a-Sindrome-de-Prader-Willi-1.png\">\r\n      <div class=\"parceiro-overlay\">\r\n        <div class=\"parceiro-title\">Friends of IPWSO<\/div>\r\n        <span class=\"parceiro-btn\">Saber mais<\/span>\r\n      <\/div>\r\n    <\/a>\r\n  <\/div>\r\n\r\n<\/div>\t\t\t\t<\/div>\n\t\t\t\t<\/div>\n\t\t\t\t\t<\/div>\n\t\t\t\t<\/div>\n\t\t<div class=\"elementor-element elementor-element-8155863 e-flex e-con-boxed e-con e-parent\" data-id=\"8155863\" data-element_type=\"container\" data-e-type=\"container\">\r\n\t\t\t\t\t<div class=\"e-con-inner\">\r\n\t\t\t\t<div class=\"elementor-element elementor-element-e2517a5 elementor-widget elementor-widget-spacer\" data-id=\"e2517a5\" data-element_type=\"widget\" data-e-type=\"widget\" data-widget_type=\"spacer.default\">\n\t\t\t\t<div class=\"elementor-widget-container\">\n\t\t\t\t\t\t\t<div class=\"elementor-spacer\">\n\t\t\t<div class=\"elementor-spacer-inner\"><\/div>\n\t\t<\/div>\n\t\t\t\t\t\t<\/div>\n\t\t\t\t<\/div>\n\t\t\t\t\t<\/div>\n\t\t\t\t<\/div>\n\t\t\t\t<\/div>\n\t\t","protected":false},"excerpt":{"rendered":"<p>O evento \u201cLa\u00e7os que Curam\u201d nasceu com o prop\u00f3sito de proporcionar uma experi\u00eancia terap\u00eautica e emocionalmente enriquecedora a pessoas com s\u00edndrome de Prader-Willi e \u00e0s suas fam\u00edlias, atrav\u00e9s da hipoterapia. Com o valioso apoio da IPWSO e da Friends of IPWSO, esta iniciativa destacou-se como um momento de partilha, inclus\u00e3o e bem-estar. A hipoterapia, enquanto [&hellip;]<\/p>\n","protected":false},"author":4,"featured_media":0,"parent":0,"menu_order":0,"comment_status":"closed","ping_status":"closed","template":"","meta":{"footnotes":""},"wf_page_folders":[],"class_list":["post-6766","page","type-page","status-publish","hentry"],"_links":{"self":[{"href":"https:\/\/appw.pt\/index.php\/wp-json\/wp\/v2\/pages\/6766","targetHints":{"allow":["GET"]}}],"collection":[{"href":"https:\/\/appw.pt\/index.php\/wp-json\/wp\/v2\/pages"}],"about":[{"href":"https:\/\/appw.pt\/index.php\/wp-json\/wp\/v2\/types\/page"}],"author":[{"embeddable":true,"href":"https:\/\/appw.pt\/index.php\/wp-json\/wp\/v2\/users\/4"}],"replies":[{"embeddable":true,"href":"https:\/\/appw.pt\/index.php\/wp-json\/wp\/v2\/comments?post=6766"}],"version-history":[{"count":5,"href":"https:\/\/appw.pt\/index.php\/wp-json\/wp\/v2\/pages\/6766\/revisions"}],"predecessor-version":[{"id":6783,"href":"https:\/\/appw.pt\/index.php\/wp-json\/wp\/v2\/pages\/6766\/revisions\/6783"}],"wp:attachment":[{"href":"https:\/\/appw.pt\/index.php\/wp-json\/wp\/v2\/media?parent=6766"}],"wp:term":[{"taxonomy":"wf_page_folders","embeddable":true,"href":"https:\/\/appw.pt\/index.php\/wp-json\/wp\/v2\/wf_page_folders?post=6766"}],"curies":[{"name":"wp","href":"https:\/\/api.w.org\/{rel}","templated":true}]}}