{"id":6323,"date":"2025-09-15T18:15:34","date_gmt":"2025-09-15T18:15:34","guid":{"rendered":"https:\/\/appw.pt\/?page_id=6323"},"modified":"2025-09-15T21:47:37","modified_gmt":"2025-09-15T21:47:37","slug":"sexualidade-e-desenvolvimento-hormonal","status":"publish","type":"page","link":"https:\/\/appw.pt\/index.php\/sexualidade-e-desenvolvimento-hormonal\/","title":{"rendered":"Sexualidade e Desenvolvimento Hormonal"},"content":{"rendered":"\t\t<div data-elementor-type=\"wp-page\" data-elementor-id=\"6323\" class=\"elementor elementor-6323\">\n\t\t\t\t<div class=\"elementor-element elementor-element-fd89f54 e-flex e-con-boxed e-con e-parent\" data-id=\"fd89f54\" data-element_type=\"container\" data-e-type=\"container\">\r\n\t\t\t\t\t<div class=\"e-con-inner\">\r\n\t\t\t\t<div class=\"elementor-element elementor-element-4136d3d elementor-widget elementor-widget-spacer\" data-id=\"4136d3d\" data-element_type=\"widget\" data-e-type=\"widget\" data-widget_type=\"spacer.default\">\n\t\t\t\t<div class=\"elementor-widget-container\">\n\t\t\t\t\t\t\t<div class=\"elementor-spacer\">\n\t\t\t<div class=\"elementor-spacer-inner\"><\/div>\n\t\t<\/div>\n\t\t\t\t\t\t<\/div>\n\t\t\t\t<\/div>\n\t\t\t\t\t<\/div>\n\t\t\t\t<\/div>\n\t\t<div class=\"elementor-element elementor-element-0ef5496 e-flex e-con-boxed e-con e-parent\" data-id=\"0ef5496\" data-element_type=\"container\" data-e-type=\"container\">\r\n\t\t\t\t\t<div class=\"e-con-inner\">\r\n\t\t<div class=\"elementor-element elementor-element-0521ba9 e-con-full e-flex e-con e-child\" data-id=\"0521ba9\" data-element_type=\"container\" data-e-type=\"container\">\r\n\t\t\t\t<div class=\"elementor-element elementor-element-902549f elementor-widget elementor-widget-porto_ultimate_heading\" data-id=\"902549f\" data-element_type=\"widget\" data-e-type=\"widget\" data-widget_type=\"porto_ultimate_heading.default\">\n\t\t\t\t<div class=\"elementor-widget-container\">\n\t\t\t\t\t<div class=\"porto-u-heading  porto-u-bd11424de395366805213f3c847c9ae4\"><div class=\"porto-u-sub-heading\" style=\"\"><p style=\"text-align: left;\" data-start=\"225\" data-end=\"546\"><span style=\"color: #000000; font-size: 17px;\">A sexualidade em pessoas com a <strong><span style=\"color: #1c5fa8;\">S\u00edndrome de Prader-Willi<\/span><\/strong> \u00e9 marcada pelo <strong>hipogonadismo<\/strong>, que causa desenvolvimento sexual incompleto, baixa fertilidade e altera\u00e7\u00f5es f\u00edsicas espec\u00edficas em homens e mulheres. Embora a fertilidade seja rara, h\u00e1 casos documentados, tornando necess\u00e1ria a orienta\u00e7\u00e3o sobre contrace\u00e7\u00e3o. A abordagem deve incluir educa\u00e7\u00e3o sexual adaptada, respeito pelos limites pessoais e apoio \u00e0s fam\u00edlias. O aconselhamento gen\u00e9tico \u00e9 fundamental devido ao risco de transmiss\u00e3o, e a reposi\u00e7\u00e3o hormonal, embora necess\u00e1ria, pode agravar alguns comportamentos. A sexualidade deve ainda ser considerada em conjunto com outras condi\u00e7\u00f5es de sa\u00fade comuns, como diabetes e dist\u00farbios do sono.<\/span><\/p><\/div><style>.porto-u-bd11424de395366805213f3c847c9ae4.porto-u-heading{text-align:center}<\/style><\/div>\t\t\t\t<\/div>\n\t\t\t\t<\/div>\n\t\t\t\t<\/div>\n\t\t<div class=\"elementor-element elementor-element-28de984 e-con-full e-flex e-con e-child\" data-id=\"28de984\" data-element_type=\"container\" data-e-type=\"container\">\r\n\t\t\t\t<div class=\"elementor-element elementor-element-9a4eb95 elementor-widget elementor-widget-image\" data-id=\"9a4eb95\" data-element_type=\"widget\" data-e-type=\"widget\" data-widget_type=\"image.default\">\n\t\t\t\t<div class=\"elementor-widget-container\">\n\t\t\t\t\t\t\t\t\t\t\t\t\t\t\t<img fetchpriority=\"high\" decoding=\"async\" width=\"940\" height=\"788\" src=\"https:\/\/appw.pt\/wp-content\/uploads\/2025\/09\/Adicionar-um-titulo-36.jpg\" class=\"attachment-large size-large wp-image-6336\" alt=\"\" srcset=\"https:\/\/appw.pt\/wp-content\/uploads\/2025\/09\/Adicionar-um-titulo-36.jpg 940w, https:\/\/appw.pt\/wp-content\/uploads\/2025\/09\/Adicionar-um-titulo-36-768x644.jpg 768w, https:\/\/appw.pt\/wp-content\/uploads\/2025\/09\/Adicionar-um-titulo-36-640x537.jpg 640w, https:\/\/appw.pt\/wp-content\/uploads\/2025\/09\/Adicionar-um-titulo-36-400x335.jpg 400w, https:\/\/appw.pt\/wp-content\/uploads\/2025\/09\/Adicionar-um-titulo-36-367x308.jpg 367w, https:\/\/appw.pt\/wp-content\/uploads\/2025\/09\/Adicionar-um-titulo-36-600x503.jpg 600w\" sizes=\"(max-width: 940px) 100vw, 940px\" \/>\t\t\t\t\t\t\t\t\t\t\t\t\t\t\t<\/div>\n\t\t\t\t<\/div>\n\t\t\t\t<\/div>\n\t\t\t\t\t<\/div>\n\t\t\t\t<\/div>\n\t\t<div class=\"elementor-element elementor-element-ba75872 e-flex e-con-boxed e-con e-parent\" data-id=\"ba75872\" data-element_type=\"container\" data-e-type=\"container\">\r\n\t\t\t\t\t<div class=\"e-con-inner\">\r\n\t\t\t\t<div class=\"elementor-element elementor-element-74eeec8 elementor-widget elementor-widget-spacer\" data-id=\"74eeec8\" data-element_type=\"widget\" data-e-type=\"widget\" data-widget_type=\"spacer.default\">\n\t\t\t\t<div class=\"elementor-widget-container\">\n\t\t\t\t\t\t\t<div class=\"elementor-spacer\">\n\t\t\t<div class=\"elementor-spacer-inner\"><\/div>\n\t\t<\/div>\n\t\t\t\t\t\t<\/div>\n\t\t\t\t<\/div>\n\t\t\t\t\t<\/div>\n\t\t\t\t<\/div>\n\t\t<div class=\"elementor-element elementor-element-58cb1c3 e-flex e-con-boxed e-con e-parent\" data-id=\"58cb1c3\" data-element_type=\"container\" data-e-type=\"container\">\r\n\t\t\t\t\t<div class=\"e-con-inner\">\r\n\t\t\t\t<div class=\"elementor-element elementor-element-b00829d elementor-widget elementor-widget-porto_ultimate_heading\" data-id=\"b00829d\" data-element_type=\"widget\" data-e-type=\"widget\" data-widget_type=\"porto_ultimate_heading.default\">\n\t\t\t\t<div class=\"elementor-widget-container\">\n\t\t\t\t\t<div class=\"porto-u-heading  porto-u-7cde7bb859728a21207628191890e260\"><div class=\"porto-u-sub-heading\" style=\"\"><!doctype html>\n<html lang=\"pt-PT\">\n<head>\n  <meta charset=\"utf-8\" \/>\n  <meta name=\"viewport\" content=\"width=device-width, initial-scale=1\" \/>\n  <title>Caracter\u00edsticas Sexuais e Reprodutivas na S\u00edndrome de Prader-Willi | APPW<\/title>\n  <style>\n    :root{\n      --title-blue: #1c5fa8;\n      --text-color: #000000;\n      --bg: #f8fbff;\n      --card-bg: #ffffff;\n      --border: rgba(28,95,168,0.15);\n      --shadow: 0 8px 20px rgba(28,95,168,0.12);\n      --radius: 18px;\n      --font-stack: 'Poppins', Inter, system-ui, -apple-system, \"Segoe UI\", Roboto, \"Helvetica Neue\", Arial;\n      --text-size: 17px;\n    }\n    html,body{\n      height:100%;\n      margin:0;\n      background:var(--bg);\n      font-family:var(--font-stack);\n      font-size:var(--text-size);\n      color:var(--text-color);\n      -webkit-font-smoothing:antialiased\n    }\n    .container{max-width:1200px;margin:32px auto;padding:20px}\n    h1{color:var(--title-blue);font-weight:700;text-align:center;margin:0 0 18px;font-size:17px}\n    p.lead{text-align:center;margin:0 0 28px}\n\n    .card{\n      border:1px solid var(--border);\n      box-shadow:var(--shadow);\n      border-radius:var(--radius);\n      background:var(--card-bg);\n      padding:20px;\n      margin-bottom:20px;\n      transition:transform 0.2s ease, box-shadow 0.2s ease\n    }\n    .card:hover{transform:translateY(-4px);box-shadow:0 10px 28px rgba(28,95,168,0.18)}\n    .card h3{\n      font-size:17px;\n      font-weight:600;\n      color:var(--title-blue);\n      margin-top:0;\n      display:flex;\n      align-items:center\n    }\n    .card h3 span{margin-right:8px}\n    .card p{margin:8px 0;font-size:17px}\n    .label{font-weight:700;color:var(--title-blue)}\n  <\/style>\n<\/head>\n<body>\n  <div class=\"container\">\n    <h1>Caracter\u00edsticas Sexuais e Reprodutivas na S\u00edndrome de Prader-Willi<\/h1>\n    <p class=\"lead\">Informa\u00e7\u00e3o estruturada para apoiar fam\u00edlias e profissionais de sa\u00fade no acompanhamento cl\u00ednico e educativo.<\/p>\n\n    <div class=\"card\">\n      <h3><span>\u2695\ufe0f<\/span> Hipogonadismo<\/h3>\n      <p><span class=\"label\">Caracter\u00edsticas:<\/span> Baixos n\u00edveis de hormonas sexuais; desenvolvimento sexual incompleto.<\/p>\n      <p><span class=\"label\">Recomenda\u00e7\u00f5es:<\/span> Acompanhamento com endocrinologista; reposi\u00e7\u00e3o hormonal quando indicada.<\/p>\n    <\/div>\n\n    <div class=\"card\">\n      <h3><span>\u26a7\ufe0f<\/span> Caracter\u00edsticas Sexuais<\/h3>\n      <p><span class=\"label\">Caracter\u00edsticas:<\/span> Homens: p\u00e9nis pequeno, escroto hipopl\u00e1sico, criptorquidia. <br> Mulheres: hipoplasia genital, menstrua\u00e7\u00e3o ausente ou escassa.<\/p>\n      <p><span class=\"label\">Recomenda\u00e7\u00f5es:<\/span> Monitoriza\u00e7\u00e3o regular; terapias e apoio cl\u00ednico especializado.<\/p>\n    <\/div>\n\n    <div class=\"card\">\n      <h3><span>\ud83d\udc76<\/span> Fertilidade<\/h3>\n      <p><span class=\"label\">Caracter\u00edsticas:<\/span> Muito baixa nos homens; rara nas mulheres, mas poss\u00edvel.<\/p>\n      <p><span class=\"label\">Recomenda\u00e7\u00f5es:<\/span> Educa\u00e7\u00e3o sobre contrace\u00e7\u00e3o; aconselhamento reprodutivo em casos de menstrua\u00e7\u00e3o ativa.<\/p>\n    <\/div>\n\n    <div class=\"card\">\n      <h3><span>\ud83d\udcda<\/span> Educa\u00e7\u00e3o Sexual<\/h3>\n      <p><span class=\"label\">Caracter\u00edsticas:<\/span> Necessidade de informa\u00e7\u00e3o adaptada \u00e0 capacidade cognitiva.<\/p>\n      <p><span class=\"label\">Recomenda\u00e7\u00f5es:<\/span> Programas de educa\u00e7\u00e3o sexual acess\u00edveis e suporte familiar.<\/p>\n    <\/div>\n\n    <div class=\"card\">\n      <h3><span>\ud83e\uddec<\/span> Aconselhamento Gen\u00e9tico<\/h3>\n      <p><span class=\"label\">Caracter\u00edsticas:<\/span>O risco de transmiss\u00e3o da S\u00edndrome de Prader-Willi depende do tipo espec\u00edfico da s\u00edndrome<\/p>\n      <p><span class=\"label\">Recomenda\u00e7\u00f5es:<\/span> Orienta\u00e7\u00e3o gen\u00e9tica para fam\u00edlias.<\/p>\n    <\/div>\n\n    <div class=\"card\">\n      <h3><span>\ud83d\udc8a<\/span> Reposi\u00e7\u00e3o Hormonal<\/h3>\n      <p><span class=\"label\">Caracter\u00edsticas:<\/span> Necess\u00e1ria para sa\u00fade \u00f3ssea e sexual; pode agravar problemas comportamentais.<\/p>\n      <p><span class=\"label\">Recomenda\u00e7\u00f5es:<\/span> Avalia\u00e7\u00e3o individualizada; acompanhamento m\u00e9dico e psicol\u00f3gico.<\/p>\n    <\/div>\n\n    <div class=\"card\">\n      <h3><span>\u26a0\ufe0f<\/span> Comorbilidades<\/h3>\n      <p><span class=\"label\">Caracter\u00edsticas:<\/span> Diabetes, dist\u00farbios do sono, obesidade.<\/p>\n      <p><span class=\"label\">Recomenda\u00e7\u00f5es:<\/span> Plano integrado de cuidados de sa\u00fade.<\/p>\n    <\/div>\n  <\/div>\n<\/body>\n<\/html>\n<\/div><style>.porto-u-7cde7bb859728a21207628191890e260.porto-u-heading{text-align:left}<\/style><\/div>\t\t\t\t<\/div>\n\t\t\t\t<\/div>\n\t\t\t\t\t<\/div>\n\t\t\t\t<\/div>\n\t\t\t\t<\/div>\n\t\t","protected":false},"excerpt":{"rendered":"<p>A sexualidade em pessoas com a S\u00edndrome de Prader-Willi \u00e9 marcada pelo hipogonadismo, que causa desenvolvimento sexual incompleto, baixa fertilidade e altera\u00e7\u00f5es f\u00edsicas espec\u00edficas em homens e mulheres. Embora a fertilidade seja rara, h\u00e1 casos documentados, tornando necess\u00e1ria a orienta\u00e7\u00e3o sobre contrace\u00e7\u00e3o. A abordagem deve incluir educa\u00e7\u00e3o sexual adaptada, respeito pelos limites pessoais e apoio [&hellip;]<\/p>\n","protected":false},"author":4,"featured_media":0,"parent":0,"menu_order":0,"comment_status":"closed","ping_status":"closed","template":"","meta":{"footnotes":""},"wf_page_folders":[],"class_list":["post-6323","page","type-page","status-publish","hentry"],"_links":{"self":[{"href":"https:\/\/appw.pt\/index.php\/wp-json\/wp\/v2\/pages\/6323","targetHints":{"allow":["GET"]}}],"collection":[{"href":"https:\/\/appw.pt\/index.php\/wp-json\/wp\/v2\/pages"}],"about":[{"href":"https:\/\/appw.pt\/index.php\/wp-json\/wp\/v2\/types\/page"}],"author":[{"embeddable":true,"href":"https:\/\/appw.pt\/index.php\/wp-json\/wp\/v2\/users\/4"}],"replies":[{"embeddable":true,"href":"https:\/\/appw.pt\/index.php\/wp-json\/wp\/v2\/comments?post=6323"}],"version-history":[{"count":17,"href":"https:\/\/appw.pt\/index.php\/wp-json\/wp\/v2\/pages\/6323\/revisions"}],"predecessor-version":[{"id":6361,"href":"https:\/\/appw.pt\/index.php\/wp-json\/wp\/v2\/pages\/6323\/revisions\/6361"}],"wp:attachment":[{"href":"https:\/\/appw.pt\/index.php\/wp-json\/wp\/v2\/media?parent=6323"}],"wp:term":[{"taxonomy":"wf_page_folders","embeddable":true,"href":"https:\/\/appw.pt\/index.php\/wp-json\/wp\/v2\/wf_page_folders?post=6323"}],"curies":[{"name":"wp","href":"https:\/\/api.w.org\/{rel}","templated":true}]}}