{"id":5942,"date":"2025-08-21T00:02:41","date_gmt":"2025-08-21T00:02:41","guid":{"rendered":"https:\/\/appw.pt\/?page_id=5942"},"modified":"2025-10-08T12:21:39","modified_gmt":"2025-10-08T12:21:39","slug":"toneladas-de-ajuda","status":"publish","type":"page","link":"https:\/\/appw.pt\/index.php\/toneladas-de-ajuda\/","title":{"rendered":"Toneladas de ajuda"},"content":{"rendered":"\t\t<div data-elementor-type=\"wp-page\" data-elementor-id=\"5942\" class=\"elementor elementor-5942\">\n\t\t\t\t<div class=\"elementor-element elementor-element-94a8651 e-flex e-con-boxed e-con e-parent\" data-id=\"94a8651\" data-element_type=\"container\" data-e-type=\"container\">\r\n\t\t\t\t\t<div class=\"e-con-inner\">\r\n\t\t\t\t<div class=\"elementor-element elementor-element-3cc889c elementor-widget elementor-widget-spacer\" data-id=\"3cc889c\" data-element_type=\"widget\" data-e-type=\"widget\" data-widget_type=\"spacer.default\">\n\t\t\t\t<div class=\"elementor-widget-container\">\n\t\t\t\t\t\t\t<div class=\"elementor-spacer\">\n\t\t\t<div class=\"elementor-spacer-inner\"><\/div>\n\t\t<\/div>\n\t\t\t\t\t\t<\/div>\n\t\t\t\t<\/div>\n\t\t\t\t\t<\/div>\n\t\t\t\t<\/div>\n\t\t<div class=\"elementor-element elementor-element-173b17e e-flex e-con-boxed e-con e-parent\" data-id=\"173b17e\" data-element_type=\"container\" data-e-type=\"container\">\r\n\t\t\t\t\t<div class=\"e-con-inner\">\r\n\t\t\t\t<div class=\"elementor-element elementor-element-13c5340 elementor-invisible elementor-widget elementor-widget-heading\" data-id=\"13c5340\" data-element_type=\"widget\" data-e-type=\"widget\" data-settings=\"{&quot;_animation&quot;:&quot;fadeIn&quot;}\" data-widget_type=\"heading.default\">\n\t\t\t\t<div class=\"elementor-widget-container\">\n\t\t\t\t\t<h2 class=\"elementor-heading-title elementor-size-default\">Projeto Toneladas de Ajuda \u2013 APPW &amp; Valorsul<\/h2>\t\t\t\t<\/div>\n\t\t\t\t<\/div>\n\t\t\t\t\t<\/div>\n\t\t\t\t<\/div>\n\t\t<div class=\"elementor-element elementor-element-6a2a063 e-flex e-con-boxed e-con e-parent\" data-id=\"6a2a063\" data-element_type=\"container\" data-e-type=\"container\">\r\n\t\t\t\t\t<div class=\"e-con-inner\">\r\n\t\t\t\t<div class=\"elementor-element elementor-element-afb022b elementor-widget-divider--view-line elementor-invisible elementor-widget elementor-widget-divider\" data-id=\"afb022b\" data-element_type=\"widget\" data-e-type=\"widget\" data-settings=\"{&quot;_animation&quot;:&quot;fadeIn&quot;}\" data-widget_type=\"divider.default\">\n\t\t\t\t<div class=\"elementor-widget-container\">\n\t\t\t\t\t\t\t<div class=\"elementor-divider\">\n\t\t\t<span class=\"elementor-divider-separator\">\n\t\t\t\t\t\t<\/span>\n\t\t<\/div>\n\t\t\t\t\t\t<\/div>\n\t\t\t\t<\/div>\n\t\t\t\t\t<\/div>\n\t\t\t\t<\/div>\n\t\t<div class=\"elementor-element elementor-element-23227e7 e-flex e-con-boxed e-con e-parent\" data-id=\"23227e7\" data-element_type=\"container\" data-e-type=\"container\">\r\n\t\t\t\t\t<div class=\"e-con-inner\">\r\n\t\t<div class=\"elementor-element elementor-element-a6ca85c e-con-full e-flex e-con e-child\" data-id=\"a6ca85c\" data-element_type=\"container\" data-e-type=\"container\">\r\n\t\t\t\t<div class=\"elementor-element elementor-element-f51a572 elementor-widget elementor-widget-porto_ultimate_heading\" data-id=\"f51a572\" data-element_type=\"widget\" data-e-type=\"widget\" data-widget_type=\"porto_ultimate_heading.default\">\n\t\t\t\t<div class=\"elementor-widget-container\">\n\t\t\t\t\t<div class=\"porto-u-heading  porto-u-bd11424de395366805213f3c847c9ae4\"><div class=\"porto-u-sub-heading\" style=\"\"><p style=\"text-align: left;\"><span style=\"color: #000000; font-size: 17px;\">A<span style=\"color: #1c5fa8;\"><strong> APPW \u2013 Associa\u00e7\u00e3o Portuguesa de Prader-Willi<\/strong><\/span>, em parceria com a <strong><span style=\"color: #1c5fa8;\">Valorsul<\/span><\/strong>, tem vindo a participar no projeto \u201c<strong>Toneladas de Ajuda<\/strong>\u201d, um programa que alia a prote\u00e7\u00e3o ambiental ao apoio social.<\/span><\/p><ul><li style=\"text-align: left;\"><span style=\"color: #000000; font-size: 17px;\">\u00a0Em <strong>2024<\/strong>, apesar de termos iniciado apenas em junho, conseguimos j\u00e1 alcan\u00e7ar o marco de 3 toneladas de material reciclado.<\/span><\/li><li style=\"text-align: left;\"><span style=\"color: #000000; font-size: 17px;\">\u00a0Em <strong>2025<\/strong>, at\u00e9 ao momento, atingimos 4 toneladas, e seguimos firmes com o objetivo de chegar \u00e0s 10 toneladas.<\/span><\/li><\/ul><p style=\"text-align: left;\"><span style=\"color: #000000; font-size: 17px;\">Este projeto mostra-nos como pequenos gestos do dia a dia, como separar res\u00edduos e reciclar, podem ter um enorme impacto no nosso planeta, ajudando a reduzir desperd\u00edcios, poupar recursos e preservar o ambiente para as gera\u00e7\u00f5es futuras.<\/span><\/p><p style=\"text-align: left;\"><span style=\"color: #000000; font-size: 17px;\">Ao mesmo tempo, cada tonelada reciclada traduz-se em benef\u00edcios diretos para a <strong><span style=\"color: #1c5fa8;\">APPW<\/span><\/strong>, permitindo fortalecer o nosso trabalho, apoiar fam\u00edlias e dar continuidade \u00e0s nossas iniciativas sociais.<\/span><\/p><p style=\"text-align: left;\"><span style=\"color: #000000; font-size: 17px;\">Porque juntos cuidamos do planeta e das pessoas.<\/span><\/p><\/div><style>.porto-u-bd11424de395366805213f3c847c9ae4.porto-u-heading{text-align:center}<\/style><\/div>\t\t\t\t<\/div>\n\t\t\t\t<\/div>\n\t\t\t\t<\/div>\n\t\t<div class=\"elementor-element elementor-element-88d4401 e-con-full e-flex e-con e-child\" data-id=\"88d4401\" data-element_type=\"container\" data-e-type=\"container\">\r\n\t\t\t\t<div class=\"elementor-element elementor-element-11603cf elementor-widget elementor-widget-spacer\" data-id=\"11603cf\" data-element_type=\"widget\" data-e-type=\"widget\" data-widget_type=\"spacer.default\">\n\t\t\t\t<div class=\"elementor-widget-container\">\n\t\t\t\t\t\t\t<div class=\"elementor-spacer\">\n\t\t\t<div class=\"elementor-spacer-inner\"><\/div>\n\t\t<\/div>\n\t\t\t\t\t\t<\/div>\n\t\t\t\t<\/div>\n\t\t\t\t<\/div>\n\t\t<div class=\"elementor-element elementor-element-a95d309 e-con-full e-flex e-con e-child\" data-id=\"a95d309\" data-element_type=\"container\" data-e-type=\"container\">\r\n\t\t\t\t<div class=\"elementor-element elementor-element-06d5aa4 elementor-widget__width-initial elementor-widget elementor-widget-video\" data-id=\"06d5aa4\" data-element_type=\"widget\" data-e-type=\"widget\" data-settings=\"{&quot;youtube_url&quot;:&quot;https:\\\/\\\/www.youtube.com\\\/watch?v=9Hi3r2EjR60&quot;,&quot;video_type&quot;:&quot;youtube&quot;,&quot;controls&quot;:&quot;yes&quot;}\" data-widget_type=\"video.default\">\n\t\t\t\t<div class=\"elementor-widget-container\">\n\t\t\t\t\t\t\t<div class=\"elementor-wrapper elementor-open-inline\">\n\t\t\t<div class=\"elementor-video\"><\/div>\t\t<\/div>\n\t\t\t\t\t\t<\/div>\n\t\t\t\t<\/div>\n\t\t\t\t<\/div>\n\t\t\t\t\t<\/div>\n\t\t\t\t<\/div>\n\t\t<div class=\"elementor-element elementor-element-bca061a e-flex e-con-boxed e-con e-parent\" data-id=\"bca061a\" data-element_type=\"container\" data-e-type=\"container\">\r\n\t\t\t\t\t<div class=\"e-con-inner\">\r\n\t\t\t\t<div class=\"elementor-element elementor-element-2e69c41 elementor-widget elementor-widget-spacer\" data-id=\"2e69c41\" data-element_type=\"widget\" data-e-type=\"widget\" data-widget_type=\"spacer.default\">\n\t\t\t\t<div class=\"elementor-widget-container\">\n\t\t\t\t\t\t\t<div class=\"elementor-spacer\">\n\t\t\t<div class=\"elementor-spacer-inner\"><\/div>\n\t\t<\/div>\n\t\t\t\t\t\t<\/div>\n\t\t\t\t<\/div>\n\t\t\t\t\t<\/div>\n\t\t\t\t<\/div>\n\t\t<div class=\"elementor-element elementor-element-58d330f e-flex e-con-boxed e-con e-parent\" data-id=\"58d330f\" data-element_type=\"container\" data-e-type=\"container\">\r\n\t\t\t\t\t<div class=\"e-con-inner\">\r\n\t\t\t\t<div class=\"elementor-element elementor-element-f0a47d8 elementor-arrows-position-inside elementor-pagination-position-outside elementor-widget elementor-widget-image-carousel\" data-id=\"f0a47d8\" data-element_type=\"widget\" data-e-type=\"widget\" data-settings=\"{&quot;navigation&quot;:&quot;both&quot;,&quot;autoplay&quot;:&quot;yes&quot;,&quot;pause_on_hover&quot;:&quot;yes&quot;,&quot;pause_on_interaction&quot;:&quot;yes&quot;,&quot;autoplay_speed&quot;:5000,&quot;infinite&quot;:&quot;yes&quot;,&quot;speed&quot;:500}\" data-widget_type=\"image-carousel.default\">\n\t\t\t\t<div class=\"elementor-widget-container\">\n\t\t\t\t\t\t\t<div class=\"elementor-image-carousel-wrapper swiper\" role=\"region\" aria-roledescription=\"carousel\" aria-label=\"Carrossel de imagens\" dir=\"ltr\">\n\t\t\t<div class=\"elementor-image-carousel swiper-wrapper\" aria-live=\"off\">\n\t\t\t\t\t\t\t\t<div class=\"swiper-slide\" role=\"group\" aria-roledescription=\"slide\" aria-label=\"1 of 6\"><figure class=\"swiper-slide-inner\"><img decoding=\"async\" class=\"swiper-slide-image\" src=\"https:\/\/appw.pt\/wp-content\/uploads\/2025\/10\/Toneladas-de-ajuda-300x251.jpg\" alt=\"Toneladas de ajuda\" \/><\/figure><\/div><div class=\"swiper-slide\" role=\"group\" aria-roledescription=\"slide\" aria-label=\"2 of 6\"><figure class=\"swiper-slide-inner\"><img decoding=\"async\" class=\"swiper-slide-image\" src=\"https:\/\/appw.pt\/wp-content\/uploads\/2025\/08\/Blue-And-White-Modern-Event-Management-Services-Instagram-Post-240x300.png\" alt=\"toneladas de ajuda 1 tonelada\" \/><\/figure><\/div><div class=\"swiper-slide\" role=\"group\" aria-roledescription=\"slide\" aria-label=\"3 of 6\"><figure class=\"swiper-slide-inner\"><img decoding=\"async\" class=\"swiper-slide-image\" src=\"https:\/\/appw.pt\/wp-content\/uploads\/2025\/08\/Fevereiro-2025-1-300x251.png\" alt=\"toneladas de ajuda fevereiro de 2025\" \/><\/figure><\/div><div class=\"swiper-slide\" role=\"group\" aria-roledescription=\"slide\" aria-label=\"4 of 6\"><figure class=\"swiper-slide-inner\"><img decoding=\"async\" class=\"swiper-slide-image\" src=\"https:\/\/appw.pt\/wp-content\/uploads\/2025\/08\/Find-your-Perfect-House-300x251.png\" alt=\"toneladas de ajuda mar\u00e7o de 2025\" \/><\/figure><\/div><div class=\"swiper-slide\" role=\"group\" aria-roledescription=\"slide\" aria-label=\"5 of 6\"><figure class=\"swiper-slide-inner\"><img decoding=\"async\" class=\"swiper-slide-image\" src=\"https:\/\/appw.pt\/wp-content\/uploads\/2025\/08\/toneladas-de-ajuda-05.25-300x251.jpg\" alt=\"toneladas de ajuda maio de 22025\" \/><\/figure><\/div><div class=\"swiper-slide\" role=\"group\" aria-roledescription=\"slide\" aria-label=\"6 of 6\"><figure class=\"swiper-slide-inner\"><img decoding=\"async\" class=\"swiper-slide-image\" src=\"https:\/\/appw.pt\/wp-content\/uploads\/2025\/08\/toneladas-de-ajuda-06.25-300x251.jpg\" alt=\"toneladas de ajuda de 2025\" \/><\/figure><\/div>\t\t\t<\/div>\n\t\t\t\t\t\t\t\t\t\t\t\t<div class=\"elementor-swiper-button elementor-swiper-button-prev\" role=\"button\" tabindex=\"0\">\n\t\t\t\t\t\t<svg aria-hidden=\"true\" class=\"e-font-icon-svg e-eicon-chevron-left\" viewBox=\"0 0 1000 1000\" xmlns=\"http:\/\/www.w3.org\/2000\/svg\"><path d=\"M646 125C629 125 613 133 604 142L308 442C296 454 292 471 292 487 292 504 296 521 308 533L604 854C617 867 629 875 646 875 663 875 679 871 692 858 704 846 713 829 713 812 713 796 708 779 692 767L438 487 692 225C700 217 708 204 708 187 708 171 704 154 692 142 675 129 663 125 646 125Z\"><\/path><\/svg>\t\t\t\t\t<\/div>\n\t\t\t\t\t<div class=\"elementor-swiper-button elementor-swiper-button-next\" role=\"button\" tabindex=\"0\">\n\t\t\t\t\t\t<svg aria-hidden=\"true\" class=\"e-font-icon-svg e-eicon-chevron-right\" viewBox=\"0 0 1000 1000\" xmlns=\"http:\/\/www.w3.org\/2000\/svg\"><path d=\"M696 533C708 521 713 504 713 487 713 471 708 454 696 446L400 146C388 133 375 125 354 125 338 125 325 129 313 142 300 154 292 171 292 187 292 204 296 221 308 233L563 492 304 771C292 783 288 800 288 817 288 833 296 850 308 863 321 871 338 875 354 875 371 875 388 867 400 854L696 533Z\"><\/path><\/svg>\t\t\t\t\t<\/div>\n\t\t\t\t\n\t\t\t\t\t\t\t\t\t<div class=\"swiper-pagination\"><\/div>\n\t\t\t\t\t\t\t\t\t<\/div>\n\t\t\t\t\t\t<\/div>\n\t\t\t\t<\/div>\n\t\t\t\t\t<\/div>\n\t\t\t\t<\/div>\n\t\t<div class=\"elementor-element elementor-element-4ee6f02 e-flex e-con-boxed e-con e-parent\" data-id=\"4ee6f02\" data-element_type=\"container\" data-e-type=\"container\">\r\n\t\t\t\t\t<div class=\"e-con-inner\">\r\n\t\t\t\t<div class=\"elementor-element elementor-element-658a946 elementor-widget elementor-widget-spacer\" data-id=\"658a946\" data-element_type=\"widget\" data-e-type=\"widget\" data-widget_type=\"spacer.default\">\n\t\t\t\t<div class=\"elementor-widget-container\">\n\t\t\t\t\t\t\t<div class=\"elementor-spacer\">\n\t\t\t<div class=\"elementor-spacer-inner\"><\/div>\n\t\t<\/div>\n\t\t\t\t\t\t<\/div>\n\t\t\t\t<\/div>\n\t\t\t\t\t<\/div>\n\t\t\t\t<\/div>\n\t\t\t\t<\/div>\n\t\t","protected":false},"excerpt":{"rendered":"<p>Projeto Toneladas de Ajuda \u2013 APPW &amp; Valorsul A APPW \u2013 Associa\u00e7\u00e3o Portuguesa de Prader-Willi, em parceria com a Valorsul, tem vindo a participar no projeto \u201cToneladas de Ajuda\u201d, um programa que alia a prote\u00e7\u00e3o ambiental ao apoio social. \u00a0Em 2024, apesar de termos iniciado apenas em junho, conseguimos j\u00e1 alcan\u00e7ar o marco de 3 [&hellip;]<\/p>\n","protected":false},"author":4,"featured_media":0,"parent":0,"menu_order":0,"comment_status":"closed","ping_status":"closed","template":"","meta":{"footnotes":""},"wf_page_folders":[],"class_list":["post-5942","page","type-page","status-publish","hentry"],"_links":{"self":[{"href":"https:\/\/appw.pt\/index.php\/wp-json\/wp\/v2\/pages\/5942","targetHints":{"allow":["GET"]}}],"collection":[{"href":"https:\/\/appw.pt\/index.php\/wp-json\/wp\/v2\/pages"}],"about":[{"href":"https:\/\/appw.pt\/index.php\/wp-json\/wp\/v2\/types\/page"}],"author":[{"embeddable":true,"href":"https:\/\/appw.pt\/index.php\/wp-json\/wp\/v2\/users\/4"}],"replies":[{"embeddable":true,"href":"https:\/\/appw.pt\/index.php\/wp-json\/wp\/v2\/comments?post=5942"}],"version-history":[{"count":7,"href":"https:\/\/appw.pt\/index.php\/wp-json\/wp\/v2\/pages\/5942\/revisions"}],"predecessor-version":[{"id":6391,"href":"https:\/\/appw.pt\/index.php\/wp-json\/wp\/v2\/pages\/5942\/revisions\/6391"}],"wp:attachment":[{"href":"https:\/\/appw.pt\/index.php\/wp-json\/wp\/v2\/media?parent=5942"}],"wp:term":[{"taxonomy":"wf_page_folders","embeddable":true,"href":"https:\/\/appw.pt\/index.php\/wp-json\/wp\/v2\/wf_page_folders?post=5942"}],"curies":[{"name":"wp","href":"https:\/\/api.w.org\/{rel}","templated":true}]}}