{"id":5730,"date":"2025-08-06T17:48:02","date_gmt":"2025-08-06T17:48:02","guid":{"rendered":"https:\/\/appw.pt\/?page_id=5730"},"modified":"2025-08-06T22:38:37","modified_gmt":"2025-08-06T22:38:37","slug":"consigne-o-seu-irs","status":"publish","type":"page","link":"https:\/\/appw.pt\/index.php\/consigne-o-seu-irs\/","title":{"rendered":"Consigne o seu IRS"},"content":{"rendered":"\t\t<div data-elementor-type=\"wp-page\" data-elementor-id=\"5730\" class=\"elementor elementor-5730\">\n\t\t\t\t<div class=\"elementor-element elementor-element-c361504 e-flex e-con-boxed e-con e-parent\" data-id=\"c361504\" data-element_type=\"container\" data-e-type=\"container\">\r\n\t\t\t\t\t<div class=\"e-con-inner\">\r\n\t\t\t\t<div class=\"elementor-element elementor-element-414e576 elementor-widget elementor-widget-heading\" data-id=\"414e576\" data-element_type=\"widget\" data-e-type=\"widget\" data-widget_type=\"heading.default\">\n\t\t\t\t<div class=\"elementor-widget-container\">\n\t\t\t\t\t<h2 class=\"elementor-heading-title elementor-size-default\">Transforme o seu IRS em esperan\u00e7a<\/h2>\t\t\t\t<\/div>\n\t\t\t\t<\/div>\n\t\t\t\t\t<\/div>\n\t\t\t\t<\/div>\n\t\t<div class=\"elementor-element elementor-element-c27e407 e-flex e-con-boxed e-con e-parent\" data-id=\"c27e407\" data-element_type=\"container\" data-e-type=\"container\">\r\n\t\t\t\t\t<div class=\"e-con-inner\">\r\n\t\t\t\t<div class=\"elementor-element elementor-element-0480d98 elementor-widget elementor-widget-spacer\" data-id=\"0480d98\" data-element_type=\"widget\" data-e-type=\"widget\" data-widget_type=\"spacer.default\">\n\t\t\t\t<div class=\"elementor-widget-container\">\n\t\t\t\t\t\t\t<div class=\"elementor-spacer\">\n\t\t\t<div class=\"elementor-spacer-inner\"><\/div>\n\t\t<\/div>\n\t\t\t\t\t\t<\/div>\n\t\t\t\t<\/div>\n\t\t\t\t\t<\/div>\n\t\t\t\t<\/div>\n\t\t<div class=\"elementor-element elementor-element-906bdf6 e-con-full e-flex e-con e-parent\" data-id=\"906bdf6\" data-element_type=\"container\" data-e-type=\"container\">\r\n\t\t\t\t<div class=\"elementor-element elementor-element-b76d6c5 elementor-widget elementor-widget-video\" data-id=\"b76d6c5\" data-element_type=\"widget\" data-e-type=\"widget\" data-settings=\"{&quot;youtube_url&quot;:&quot;https:\\\/\\\/www.youtube.com\\\/watch?v=M_z3GR2kXX0&quot;,&quot;video_type&quot;:&quot;youtube&quot;,&quot;controls&quot;:&quot;yes&quot;}\" data-widget_type=\"video.default\">\n\t\t\t\t<div class=\"elementor-widget-container\">\n\t\t\t\t\t\t\t<div class=\"elementor-wrapper elementor-open-inline\">\n\t\t\t<div class=\"elementor-video\"><\/div>\t\t<\/div>\n\t\t\t\t\t\t<\/div>\n\t\t\t\t<\/div>\n\t\t\t\t<\/div>\n\t\t<div class=\"elementor-element elementor-element-8ea0e2e e-flex e-con-boxed e-con e-parent\" data-id=\"8ea0e2e\" data-element_type=\"container\" data-e-type=\"container\">\r\n\t\t\t\t\t<div class=\"e-con-inner\">\r\n\t\t\t\t<div class=\"elementor-element elementor-element-2fdfdeb elementor-widget elementor-widget-spacer\" data-id=\"2fdfdeb\" data-element_type=\"widget\" data-e-type=\"widget\" data-widget_type=\"spacer.default\">\n\t\t\t\t<div class=\"elementor-widget-container\">\n\t\t\t\t\t\t\t<div class=\"elementor-spacer\">\n\t\t\t<div class=\"elementor-spacer-inner\"><\/div>\n\t\t<\/div>\n\t\t\t\t\t\t<\/div>\n\t\t\t\t<\/div>\n\t\t\t\t\t<\/div>\n\t\t\t\t<\/div>\n\t\t<div class=\"elementor-element elementor-element-8b56523 e-flex e-con-boxed e-con e-parent\" data-id=\"8b56523\" data-element_type=\"container\" data-e-type=\"container\">\r\n\t\t\t\t\t<div class=\"e-con-inner\">\r\n\t\t\t\t<div class=\"elementor-element elementor-element-7dac8c1 elementor-widget elementor-widget-porto_ultimate_heading\" data-id=\"7dac8c1\" data-element_type=\"widget\" data-e-type=\"widget\" data-widget_type=\"porto_ultimate_heading.default\">\n\t\t\t\t<div class=\"elementor-widget-container\">\n\t\t\t\t\t<div class=\"porto-u-heading  porto-u-bd11424de395366805213f3c847c9ae4\"><div class=\"porto-u-sub-heading\" style=\"\"><p style=\"text-align: left;\" data-start=\"218\" data-end=\"471\"><span style=\"font-size: 18px; color: #000000;\">Ao preencher a sua declara\u00e7\u00e3o de IRS, pode destinar 1% do imposto j\u00e1 liquidado \u00e0 APPW. Este gesto solid\u00e1rio n\u00e3o implica qualquer encargo adicional.<\/span><br data-start=\"367\" data-end=\"370\" \/><span style=\"font-size: 18px; color: #000000;\">Se tiver direito a reembolso, o valor n\u00e3o ser\u00e1 reduzido, caso contr\u00e1rio, n\u00e3o pagar\u00e1 mais por isso.<\/span><\/p><p style=\"text-align: left;\" data-start=\"473\" data-end=\"730\"><span style=\"font-size: 18px; color: #000000;\">\u00c9 uma forma simples de transformar parte dos seus impostos em apoio direto a crian\u00e7as, jovens e adultos afetados por uma s\u00edndrome rara, bem como \u00e0s suas fam\u00edlias . Em vez de entregar a totalidade do imposto ao estado, pode canalizar uma pequena parte para uma causa com grande impacto social.<\/span><span style=\"color: #000000; font-size: 18px;\">\u00a0<\/span><\/p><\/div><style>.porto-u-bd11424de395366805213f3c847c9ae4.porto-u-heading{text-align:center}<\/style><\/div>\t\t\t\t<\/div>\n\t\t\t\t<\/div>\n\t\t\t\t\t<\/div>\n\t\t\t\t<\/div>\n\t\t<div class=\"elementor-element elementor-element-7d252f3 e-flex e-con-boxed e-con e-parent\" data-id=\"7d252f3\" data-element_type=\"container\" data-e-type=\"container\">\r\n\t\t\t\t\t<div class=\"e-con-inner\">\r\n\t\t\t\t<div class=\"elementor-element elementor-element-c2b7536 elementor-widget elementor-widget-spacer\" data-id=\"c2b7536\" data-element_type=\"widget\" data-e-type=\"widget\" data-widget_type=\"spacer.default\">\n\t\t\t\t<div class=\"elementor-widget-container\">\n\t\t\t\t\t\t\t<div class=\"elementor-spacer\">\n\t\t\t<div class=\"elementor-spacer-inner\"><\/div>\n\t\t<\/div>\n\t\t\t\t\t\t<\/div>\n\t\t\t\t<\/div>\n\t\t\t\t\t<\/div>\n\t\t\t\t<\/div>\n\t\t<div class=\"elementor-element elementor-element-8ac9608 e-con-full e-flex e-con e-parent\" data-id=\"8ac9608\" data-element_type=\"container\" data-e-type=\"container\">\r\n\t\t\t\t<div class=\"elementor-element elementor-element-5f3915b elementor-widget elementor-widget-heading\" data-id=\"5f3915b\" data-element_type=\"widget\" data-e-type=\"widget\" data-widget_type=\"heading.default\">\n\t\t\t\t<div class=\"elementor-widget-container\">\n\t\t\t\t\t<h2 class=\"elementor-heading-title elementor-size-default\">508 124 140<\/h2>\t\t\t\t<\/div>\n\t\t\t\t<\/div>\n\t\t\t\t<\/div>\n\t\t<div class=\"elementor-element elementor-element-d54f12a e-flex e-con-boxed e-con e-parent\" data-id=\"d54f12a\" data-element_type=\"container\" data-e-type=\"container\">\r\n\t\t\t\t\t<div class=\"e-con-inner\">\r\n\t\t\t\t<div class=\"elementor-element elementor-element-f1e6b38 elementor-widget elementor-widget-spacer\" data-id=\"f1e6b38\" data-element_type=\"widget\" data-e-type=\"widget\" data-widget_type=\"spacer.default\">\n\t\t\t\t<div class=\"elementor-widget-container\">\n\t\t\t\t\t\t\t<div class=\"elementor-spacer\">\n\t\t\t<div class=\"elementor-spacer-inner\"><\/div>\n\t\t<\/div>\n\t\t\t\t\t\t<\/div>\n\t\t\t\t<\/div>\n\t\t\t\t\t<\/div>\n\t\t\t\t<\/div>\n\t\t<div class=\"elementor-element elementor-element-eb1a1cb e-flex e-con-boxed e-con e-parent\" data-id=\"eb1a1cb\" data-element_type=\"container\" data-e-type=\"container\">\r\n\t\t\t\t\t<div class=\"e-con-inner\">\r\n\t\t<div class=\"elementor-element elementor-element-ff8d79e e-con-full e-flex e-con e-child\" data-id=\"ff8d79e\" data-element_type=\"container\" data-e-type=\"container\">\r\n\t\t\t\t<div class=\"elementor-element elementor-element-9970a62 elementor-widget elementor-widget-porto_info_box\" data-id=\"9970a62\" data-element_type=\"widget\" data-e-type=\"widget\" data-widget_type=\"porto_info_box.default\">\n\t\t\t\t<div class=\"elementor-widget-container\">\n\t\t\t\t\t<div class=\"porto-sicon-box style_1 top-icon\"><div class=\"porto-sicon-top\"><div class=\"porto-just-icon-wrapper porto-icon none\" style=\"\"><i class=\"fas fa-star\"><\/i><\/div><\/div><div class=\"porto-sicon-description\" style=\"\" ><h3><span style=\"font-size: 20px;\"><strong><span style=\"color: #1c5fa8;\">Como consignar 1% do seu IRS \u00e0 APPW<\/span><\/strong><\/span><\/h3><p data-start=\"142\" data-end=\"266\"><span style=\"font-size: 18px; color: #000000;\">Pode fazer a sua consigna\u00e7\u00e3o de forma simples, tanto no <strong data-start=\"198\" data-end=\"216\">IRS autom\u00e1tico<\/strong> como na <strong data-start=\"225\" data-end=\"265\">declara\u00e7\u00e3o de rendimentos (Modelo 3)<\/strong>:<\/span><\/p><p data-start=\"268\" data-end=\"377\"><span style=\"font-size: 18px; color: #000000;\">\ud83d\udd39 <strong data-start=\"271\" data-end=\"293\">No IRS autom\u00e1tico:<\/strong><\/span><br data-start=\"293\" data-end=\"296\" \/><span style=\"font-size: 18px; color: #000000;\">Aceda \u00e0 \u00e1rea da <strong data-start=\"312\" data-end=\"332\">\u201cPr\u00e9-liquida\u00e7\u00e3o\u201d<\/strong> e selecione a APPW como entidade a apoiar.<\/span><\/p><p data-start=\"379\" data-end=\"503\"><span style=\"font-size: 18px; color: #000000;\">\ud83d\udd39 <strong data-start=\"382\" data-end=\"409\">Na declara\u00e7\u00e3o Modelo 3:<\/strong><\/span><br data-start=\"409\" data-end=\"412\" \/><span style=\"font-size: 18px; color: #000000;\">No <strong data-start=\"422\" data-end=\"435\">Quadro 11<\/strong> do <strong data-start=\"439\" data-end=\"462\">rosto da declara\u00e7\u00e3o,<\/strong>\u00a0indique o NIF da APPW: <strong data-start=\"488\" data-end=\"503\">508 124 140<\/strong><\/span><\/p><\/div> <!-- description --><\/div><!-- porto-sicon-box -->\t\t\t\t<\/div>\n\t\t\t\t<\/div>\n\t\t\t\t<\/div>\n\t\t<div class=\"elementor-element elementor-element-7e6a12d e-con-full e-flex e-con e-child\" data-id=\"7e6a12d\" data-element_type=\"container\" data-e-type=\"container\">\r\n\t\t\t\t<div class=\"elementor-element elementor-element-8135e89 elementor-widget__width-initial elementor-widget elementor-widget-image\" data-id=\"8135e89\" data-element_type=\"widget\" data-e-type=\"widget\" data-widget_type=\"image.default\">\n\t\t\t\t<div class=\"elementor-widget-container\">\n\t\t\t\t\t\t\t\t\t\t\t\t\t\t\t<img fetchpriority=\"high\" decoding=\"async\" width=\"1024\" height=\"538\" src=\"https:\/\/appw.pt\/wp-content\/uploads\/2025\/08\/1-1-1024x538.png\" class=\"attachment-large size-large wp-image-5732\" alt=\"\" srcset=\"https:\/\/appw.pt\/wp-content\/uploads\/2025\/08\/1-1-1024x538.png 1024w, https:\/\/appw.pt\/wp-content\/uploads\/2025\/08\/1-1-768x403.png 768w, https:\/\/appw.pt\/wp-content\/uploads\/2025\/08\/1-1-640x336.png 640w, https:\/\/appw.pt\/wp-content\/uploads\/2025\/08\/1-1-400x210.png 400w, https:\/\/appw.pt\/wp-content\/uploads\/2025\/08\/1-1-367x193.png 367w, https:\/\/appw.pt\/wp-content\/uploads\/2025\/08\/1-1-600x315.png 600w\" sizes=\"(max-width: 1024px) 100vw, 1024px\" \/>\t\t\t\t\t\t\t\t\t\t\t\t\t\t\t<\/div>\n\t\t\t\t<\/div>\n\t\t\t\t<\/div>\n\t\t<div class=\"elementor-element elementor-element-2888d55 e-con-full e-flex e-con e-child\" data-id=\"2888d55\" data-element_type=\"container\" data-e-type=\"container\">\r\n\t\t\t\t<div class=\"elementor-element elementor-element-0a1702c elementor-widget elementor-widget-porto_info_box\" data-id=\"0a1702c\" data-element_type=\"widget\" data-e-type=\"widget\" data-widget_type=\"porto_info_box.default\">\n\t\t\t\t<div class=\"elementor-widget-container\">\n\t\t\t\t\t<div class=\"porto-sicon-box style_1 top-icon\"><div class=\"porto-sicon-top\"><div class=\"porto-just-icon-wrapper porto-icon none\" style=\"\"><i class=\"far fa-heart\"><\/i><\/div><\/div><div class=\"porto-sicon-description\" style=\"\" ><h3><span style=\"font-size: 20px; color: #1c5fa8;\"><strong data-start=\"83\" data-end=\"161\">Indique o NIF da APPW e transforme o seu IRS em apoio real<\/strong><\/span><\/h3><p><br data-start=\"161\" data-end=\"164\" \/><span style=\"font-size: 18px; color: #000000;\">Com um simples gesto, est\u00e1 a ajudar-nos a concretizar projetos que promovem a inclus\u00e3o, o bem-estar e a esperan\u00e7a de fam\u00edlias que vivem com uma s\u00edndrome rara.<\/span><\/p><\/div> <!-- description --><\/div><!-- porto-sicon-box -->\t\t\t\t<\/div>\n\t\t\t\t<\/div>\n\t\t\t\t<\/div>\n\t\t\t\t\t<\/div>\n\t\t\t\t<\/div>\n\t\t<div class=\"elementor-element elementor-element-35fbb06 e-flex e-con-boxed e-con e-parent\" data-id=\"35fbb06\" data-element_type=\"container\" data-e-type=\"container\">\r\n\t\t\t\t\t<div class=\"e-con-inner\">\r\n\t\t\t\t<div class=\"elementor-element elementor-element-3ccd0cc elementor-widget elementor-widget-spacer\" data-id=\"3ccd0cc\" data-element_type=\"widget\" data-e-type=\"widget\" data-widget_type=\"spacer.default\">\n\t\t\t\t<div class=\"elementor-widget-container\">\n\t\t\t\t\t\t\t<div class=\"elementor-spacer\">\n\t\t\t<div class=\"elementor-spacer-inner\"><\/div>\n\t\t<\/div>\n\t\t\t\t\t\t<\/div>\n\t\t\t\t<\/div>\n\t\t\t\t\t<\/div>\n\t\t\t\t<\/div>\n\t\t\t\t<\/div>\n\t\t","protected":false},"excerpt":{"rendered":"<p>Transforme o seu IRS em esperan\u00e7a Ao preencher a sua declara\u00e7\u00e3o de IRS, pode destinar 1% do imposto j\u00e1 liquidado \u00e0 APPW. Este gesto solid\u00e1rio n\u00e3o implica qualquer encargo adicional.Se tiver direito a reembolso, o valor n\u00e3o ser\u00e1 reduzido, caso contr\u00e1rio, n\u00e3o pagar\u00e1 mais por isso. \u00c9 uma forma simples de transformar parte dos seus [&hellip;]<\/p>\n","protected":false},"author":4,"featured_media":0,"parent":0,"menu_order":0,"comment_status":"closed","ping_status":"closed","template":"","meta":{"footnotes":""},"wf_page_folders":[],"class_list":["post-5730","page","type-page","status-publish","hentry"],"_links":{"self":[{"href":"https:\/\/appw.pt\/index.php\/wp-json\/wp\/v2\/pages\/5730","targetHints":{"allow":["GET"]}}],"collection":[{"href":"https:\/\/appw.pt\/index.php\/wp-json\/wp\/v2\/pages"}],"about":[{"href":"https:\/\/appw.pt\/index.php\/wp-json\/wp\/v2\/types\/page"}],"author":[{"embeddable":true,"href":"https:\/\/appw.pt\/index.php\/wp-json\/wp\/v2\/users\/4"}],"replies":[{"embeddable":true,"href":"https:\/\/appw.pt\/index.php\/wp-json\/wp\/v2\/comments?post=5730"}],"version-history":[{"count":14,"href":"https:\/\/appw.pt\/index.php\/wp-json\/wp\/v2\/pages\/5730\/revisions"}],"predecessor-version":[{"id":5832,"href":"https:\/\/appw.pt\/index.php\/wp-json\/wp\/v2\/pages\/5730\/revisions\/5832"}],"wp:attachment":[{"href":"https:\/\/appw.pt\/index.php\/wp-json\/wp\/v2\/media?parent=5730"}],"wp:term":[{"taxonomy":"wf_page_folders","embeddable":true,"href":"https:\/\/appw.pt\/index.php\/wp-json\/wp\/v2\/wf_page_folders?post=5730"}],"curies":[{"name":"wp","href":"https:\/\/api.w.org\/{rel}","templated":true}]}}