{"id":5078,"date":"2025-07-23T21:44:16","date_gmt":"2025-07-23T21:44:16","guid":{"rendered":"https:\/\/appw.pt\/?page_id=5078"},"modified":"2025-09-02T14:27:46","modified_gmt":"2025-09-02T14:27:46","slug":"lapsis","status":"publish","type":"page","link":"https:\/\/appw.pt\/index.php\/lapsis\/","title":{"rendered":"Lapsis"},"content":{"rendered":"\t\t<div data-elementor-type=\"wp-page\" data-elementor-id=\"5078\" class=\"elementor elementor-5078\">\n\t\t\t\t\t\t<section class=\"elementor-section elementor-top-section elementor-element elementor-element-38d557e elementor-section-content-middle overflow-hidden pt-md-4 pt-xl-0 elementor-section-boxed elementor-section-height-default elementor-section-height-default\" data-id=\"38d557e\" data-element_type=\"section\" data-e-type=\"section\">\r\n\t\t\r\n\t\t\t\t\t\t\t<div class=\"elementor-container elementor-column-gap-default\">\r\n\t\t\t\t\t\t\t\t\t\t\t<div class=\"elementor-column elementor-col-50 elementor-top-column elementor-element elementor-element-c3bb278\" data-id=\"c3bb278\" data-element_type=\"column\" data-e-type=\"column\">\r\n\t\t\t\t\t<div class=\"elementor-widget-wrap elementor-element-populated\">\r\n\t\t\t\t\t\t\t\t<div class=\"elementor-element elementor-element-169aada mb-4 elementor-invisible elementor-widget elementor-widget-heading\" data-id=\"169aada\" data-element_type=\"widget\" data-e-type=\"widget\" data-settings=\"{&quot;_animation&quot;:&quot;fadeInUp&quot;,&quot;_animation_delay&quot;:450}\" data-widget_type=\"heading.default\">\n\t\t\t\t<div class=\"elementor-widget-container\">\n\t\t\t\t\t<p class=\"elementor-heading-title elementor-size-default\">A APPW celebrou um protocolo de colabora\u00e7\u00e3o com a LAPSIS \u2013 Centro Psicoterap\u00eautico, refor\u00e7ando a sua rede de apoio \u00e0 sa\u00fade mental das pessoas com S\u00edndrome de Prader-Willi e das suas fam\u00edlias.\n\nA LAPSIS \u00e9 um centro psicoterap\u00eautico que se dedica ao acompanhamento psicol\u00f3gico e psicoterap\u00eautico de crian\u00e7as, jovens e adultos, com enfoque no bem-estar emocional, na sa\u00fade mental e no desenvolvimento pessoal. Com uma equipa especializada, a LAPSIS oferece interven\u00e7\u00f5es ajustadas \u00e0s necessidades de cada indiv\u00edduo, promovendo a autonomia, a autoestima e o equil\u00edbrio emocional.\n\nEsta parceria visa facilitar o acesso a servi\u00e7os de psicoterapia especializados, contribuindo para uma resposta mais completa e integrada no apoio \u00e0s fam\u00edlias acompanhadas pela APPW. <\/p>\t\t\t\t<\/div>\n\t\t\t\t<\/div>\n\t\t\t\t<div class=\"elementor-element elementor-element-dfeeea2 elementor-widget elementor-widget-spacer\" data-id=\"dfeeea2\" data-element_type=\"widget\" data-e-type=\"widget\" data-widget_type=\"spacer.default\">\n\t\t\t\t<div class=\"elementor-widget-container\">\n\t\t\t\t\t\t\t<div class=\"elementor-spacer\">\n\t\t\t<div class=\"elementor-spacer-inner\"><\/div>\n\t\t<\/div>\n\t\t\t\t\t\t<\/div>\n\t\t\t\t<\/div>\n\t\t\t\t<div class=\"elementor-element elementor-element-6a56734 elementor-widget elementor-widget-button\" data-id=\"6a56734\" data-element_type=\"widget\" data-e-type=\"widget\" data-widget_type=\"button.default\">\n\t\t\t\t<div class=\"elementor-widget-container\">\n\t\t\t\t\t\t\t\t\t<div class=\"elementor-button-wrapper\">\n\t\t\t\t\t<a class=\"elementor-button elementor-button-link elementor-size-sm\" href=\"https:\/\/appw.pt\/wp-content\/uploads\/2025\/07\/lapsis-doc.pdf\" target=\"_blank\">\n\t\t\t\t\t\t<span class=\"elementor-button-content-wrapper\">\n\t\t\t\t\t\t\t\t\t<span class=\"elementor-button-text\">Tabela de Pre\u00e7os<\/span>\n\t\t\t\t\t<\/span>\n\t\t\t\t\t<\/a>\n\t\t\t\t<\/div>\n\t\t\t\t\t\t\t\t<\/div>\n\t\t\t\t<\/div>\n\t\t\t\t\t<\/div>\r\n\t\t\t\t<\/div>\r\n\t\t\t\t<div class=\"elementor-column elementor-col-50 elementor-top-column elementor-element elementor-element-c45fecf ps-lg-5 pe-5 custom-auto-img\" data-id=\"c45fecf\" data-element_type=\"column\" data-e-type=\"column\">\r\n\t\t\t\t\t<div class=\"elementor-widget-wrap elementor-element-populated\">\r\n\t\t\t\t\t\t\t\t<div class=\"elementor-element elementor-element-6aef0db elementor-widget elementor-widget-image\" data-id=\"6aef0db\" data-element_type=\"widget\" data-e-type=\"widget\" data-widget_type=\"image.default\">\n\t\t\t\t<div class=\"elementor-widget-container\">\n\t\t\t\t\t\t\t\t\t\t\t\t\t\t\t<img fetchpriority=\"high\" decoding=\"async\" width=\"225\" height=\"225\" src=\"https:\/\/appw.pt\/wp-content\/uploads\/2025\/07\/Imagem-WhatsApp-2025-07-23-as-00.11.59_eb5fe02f.jpg\" class=\"attachment-full size-full wp-image-5002\" alt=\"\" \/>\t\t\t\t\t\t\t\t\t\t\t\t\t\t\t<\/div>\n\t\t\t\t<\/div>\n\t\t\t\t\t<\/div>\r\n\t\t\t\t<\/div>\r\n\t\t\t\t\t<\/div>\r\n\t\t\t\t<\/section>\r\n\t\t<div class=\"elementor-element elementor-element-9c45c36 e-flex e-con-boxed e-con e-parent\" data-id=\"9c45c36\" data-element_type=\"container\" data-e-type=\"container\">\r\n\t\t\t\t\t<div class=\"e-con-inner\">\r\n\t\t\t\t<div class=\"elementor-element elementor-element-7174b04 elementor-widget elementor-widget-spacer\" data-id=\"7174b04\" data-element_type=\"widget\" data-e-type=\"widget\" data-widget_type=\"spacer.default\">\n\t\t\t\t<div class=\"elementor-widget-container\">\n\t\t\t\t\t\t\t<div class=\"elementor-spacer\">\n\t\t\t<div class=\"elementor-spacer-inner\"><\/div>\n\t\t<\/div>\n\t\t\t\t\t\t<\/div>\n\t\t\t\t<\/div>\n\t\t\t\t\t<\/div>\n\t\t\t\t<\/div>\n\t\t<div class=\"elementor-element elementor-element-bb94fa0 e-flex e-con-boxed e-con e-parent\" data-id=\"bb94fa0\" data-element_type=\"container\" data-e-type=\"container\">\r\n\t\t\t\t\t<div class=\"e-con-inner\">\r\n\t\t\t\t<div class=\"elementor-element elementor-element-c8adb5f elementor-position-top elementor-widget elementor-widget-image-box\" data-id=\"c8adb5f\" data-element_type=\"widget\" data-e-type=\"widget\" data-widget_type=\"image-box.default\">\n\t\t\t\t<div class=\"elementor-widget-container\">\n\t\t\t\t\t<div class=\"elementor-image-box-wrapper\"><figure class=\"elementor-image-box-img\"><a href=\"https:\/\/www.lapsis.pt\/\" target=\"_blank\" tabindex=\"-1\"><img decoding=\"async\" width=\"694\" height=\"372\" src=\"https:\/\/appw.pt\/wp-content\/uploads\/2025\/07\/lapsis.jpg\" class=\"attachment-large size-large wp-image-5255\" alt=\"\" srcset=\"https:\/\/appw.pt\/wp-content\/uploads\/2025\/07\/lapsis.jpg 694w, https:\/\/appw.pt\/wp-content\/uploads\/2025\/07\/lapsis-640x343.jpg 640w, https:\/\/appw.pt\/wp-content\/uploads\/2025\/07\/lapsis-400x214.jpg 400w, https:\/\/appw.pt\/wp-content\/uploads\/2025\/07\/lapsis-367x197.jpg 367w, https:\/\/appw.pt\/wp-content\/uploads\/2025\/07\/lapsis-600x322.jpg 600w\" sizes=\"(max-width: 694px) 100vw, 694px\" \/><\/a><\/figure><div class=\"elementor-image-box-content\"><p class=\"elementor-image-box-title\"><a href=\"https:\/\/www.lapsis.pt\/\" target=\"_blank\">clique na imagem para aceder ao site<\/a><\/p><\/div><\/div>\t\t\t\t<\/div>\n\t\t\t\t<\/div>\n\t\t\t\t\t<\/div>\n\t\t\t\t<\/div>\n\t\t<div class=\"elementor-element elementor-element-fdd7212 e-flex e-con-boxed e-con e-parent\" data-id=\"fdd7212\" data-element_type=\"container\" data-e-type=\"container\">\r\n\t\t\t\t\t<div class=\"e-con-inner\">\r\n\t\t\t\t<div class=\"elementor-element elementor-element-cfaf9da elementor-widget elementor-widget-spacer\" data-id=\"cfaf9da\" data-element_type=\"widget\" data-e-type=\"widget\" data-widget_type=\"spacer.default\">\n\t\t\t\t<div class=\"elementor-widget-container\">\n\t\t\t\t\t\t\t<div class=\"elementor-spacer\">\n\t\t\t<div class=\"elementor-spacer-inner\"><\/div>\n\t\t<\/div>\n\t\t\t\t\t\t<\/div>\n\t\t\t\t<\/div>\n\t\t\t\t\t<\/div>\n\t\t\t\t<\/div>\n\t\t\t\t<\/div>\n\t\t","protected":false},"excerpt":{"rendered":"<p>A APPW celebrou um protocolo de colabora\u00e7\u00e3o com a LAPSIS \u2013 Centro Psicoterap\u00eautico, refor\u00e7ando a sua rede de apoio \u00e0 sa\u00fade mental das pessoas com S\u00edndrome de Prader-Willi e das suas fam\u00edlias. A LAPSIS \u00e9 um centro psicoterap\u00eautico que se dedica ao acompanhamento psicol\u00f3gico e psicoterap\u00eautico de crian\u00e7as, jovens e adultos, com enfoque no bem-estar [&hellip;]<\/p>\n","protected":false},"author":4,"featured_media":0,"parent":0,"menu_order":0,"comment_status":"closed","ping_status":"closed","template":"","meta":{"footnotes":""},"wf_page_folders":[39],"class_list":["post-5078","page","type-page","status-publish","hentry"],"_links":{"self":[{"href":"https:\/\/appw.pt\/index.php\/wp-json\/wp\/v2\/pages\/5078","targetHints":{"allow":["GET"]}}],"collection":[{"href":"https:\/\/appw.pt\/index.php\/wp-json\/wp\/v2\/pages"}],"about":[{"href":"https:\/\/appw.pt\/index.php\/wp-json\/wp\/v2\/types\/page"}],"author":[{"embeddable":true,"href":"https:\/\/appw.pt\/index.php\/wp-json\/wp\/v2\/users\/4"}],"replies":[{"embeddable":true,"href":"https:\/\/appw.pt\/index.php\/wp-json\/wp\/v2\/comments?post=5078"}],"version-history":[{"count":22,"href":"https:\/\/appw.pt\/index.php\/wp-json\/wp\/v2\/pages\/5078\/revisions"}],"predecessor-version":[{"id":6133,"href":"https:\/\/appw.pt\/index.php\/wp-json\/wp\/v2\/pages\/5078\/revisions\/6133"}],"wp:attachment":[{"href":"https:\/\/appw.pt\/index.php\/wp-json\/wp\/v2\/media?parent=5078"}],"wp:term":[{"taxonomy":"wf_page_folders","embeddable":true,"href":"https:\/\/appw.pt\/index.php\/wp-json\/wp\/v2\/wf_page_folders?post=5078"}],"curies":[{"name":"wp","href":"https:\/\/api.w.org\/{rel}","templated":true}]}}