{"id":4777,"date":"2025-05-15T14:00:06","date_gmt":"2025-05-15T14:00:06","guid":{"rendered":"https:\/\/appw.pt\/?page_id=4777"},"modified":"2025-09-02T11:48:06","modified_gmt":"2025-09-02T11:48:06","slug":"rede","status":"publish","type":"page","link":"https:\/\/appw.pt\/index.php\/rede\/","title":{"rendered":"RE.DE"},"content":{"rendered":"\t\t<div data-elementor-type=\"wp-page\" data-elementor-id=\"4777\" class=\"elementor elementor-4777\">\n\t\t\t\t\t\t<section class=\"elementor-section elementor-top-section elementor-element elementor-element-38d557e elementor-section-content-middle overflow-hidden pt-md-4 pt-xl-0 elementor-section-boxed elementor-section-height-default elementor-section-height-default\" data-id=\"38d557e\" data-element_type=\"section\" data-e-type=\"section\">\r\n\t\t\r\n\t\t\t\t\t\t\t<div class=\"elementor-container elementor-column-gap-default\">\r\n\t\t\t\t\t\t\t\t\t\t\t<div class=\"elementor-column elementor-col-50 elementor-top-column elementor-element elementor-element-c3bb278\" data-id=\"c3bb278\" data-element_type=\"column\" data-e-type=\"column\">\r\n\t\t\t\t\t<div class=\"elementor-widget-wrap elementor-element-populated\">\r\n\t\t\t\t\t\t\t\t<div class=\"elementor-element elementor-element-169aada mb-4 elementor-invisible elementor-widget elementor-widget-heading\" data-id=\"169aada\" data-element_type=\"widget\" data-e-type=\"widget\" data-settings=\"{&quot;_animation&quot;:&quot;fadeInUp&quot;,&quot;_animation_delay&quot;:450}\" data-widget_type=\"heading.default\">\n\t\t\t\t<div class=\"elementor-widget-container\">\n\t\t\t\t\t<p class=\"elementor-heading-title elementor-size-default\">A APPW estabeleceu um protocolo de colabora\u00e7\u00e3o com o Centro RE.DE \u2013 Centro de Reabilita\u00e7\u00e3o e Desenvolvimento, situado em Sintra. Esta parceria visa refor\u00e7ar a oferta de respostas terap\u00eauticas e de reabilita\u00e7\u00e3o especializadas para pessoas com S\u00edndrome de Prader-Willi.\n\nO Centro RE.DE \u00e9 uma institui\u00e7\u00e3o dedicada ao desenvolvimento terap\u00eautico e reabilita\u00e7\u00e3o de crian\u00e7as, jovens e adultos com necessidades espec\u00edficas. Com uma equipa multidisciplinar experiente, o centro aposta numa abordagem individualizada, promovendo o bem-estar, a autonomia e a integra\u00e7\u00e3o social dos seus utentes.\n\nAtrav\u00e9s desta parceria, a APPW pretende alargar os recursos dispon\u00edveis \u00e0s fam\u00edlias e proporcionar um acompanhamento mais completo, pr\u00f3ximo e eficaz.<\/p>\t\t\t\t<\/div>\n\t\t\t\t<\/div>\n\t\t\t\t<div class=\"elementor-element elementor-element-dfeeea2 elementor-widget elementor-widget-spacer\" data-id=\"dfeeea2\" data-element_type=\"widget\" data-e-type=\"widget\" data-widget_type=\"spacer.default\">\n\t\t\t\t<div class=\"elementor-widget-container\">\n\t\t\t\t\t\t\t<div class=\"elementor-spacer\">\n\t\t\t<div class=\"elementor-spacer-inner\"><\/div>\n\t\t<\/div>\n\t\t\t\t\t\t<\/div>\n\t\t\t\t<\/div>\n\t\t\t\t<div class=\"elementor-element elementor-element-6a56734 elementor-widget elementor-widget-button\" data-id=\"6a56734\" data-element_type=\"widget\" data-e-type=\"widget\" data-widget_type=\"button.default\">\n\t\t\t\t<div class=\"elementor-widget-container\">\n\t\t\t\t\t\t\t\t\t<div class=\"elementor-button-wrapper\">\n\t\t\t\t\t<a class=\"elementor-button elementor-button-link elementor-size-sm\" href=\"https:\/\/appw.pt\/wp-content\/uploads\/2025\/05\/PROTOCOLO_RE.DE_2025.pdf\" target=\"_blank\">\n\t\t\t\t\t\t<span class=\"elementor-button-content-wrapper\">\n\t\t\t\t\t\t\t\t\t<span class=\"elementor-button-text\">Tabela de Pre\u00e7os<\/span>\n\t\t\t\t\t<\/span>\n\t\t\t\t\t<\/a>\n\t\t\t\t<\/div>\n\t\t\t\t\t\t\t\t<\/div>\n\t\t\t\t<\/div>\n\t\t\t\t\t<\/div>\r\n\t\t\t\t<\/div>\r\n\t\t\t\t<div class=\"elementor-column elementor-col-50 elementor-top-column elementor-element elementor-element-c45fecf ps-lg-5 pe-5 custom-auto-img\" data-id=\"c45fecf\" data-element_type=\"column\" data-e-type=\"column\">\r\n\t\t\t\t\t<div class=\"elementor-widget-wrap elementor-element-populated\">\r\n\t\t\t\t\t\t\t\t<div class=\"elementor-element elementor-element-6aef0db elementor-widget elementor-widget-image\" data-id=\"6aef0db\" data-element_type=\"widget\" data-e-type=\"widget\" data-widget_type=\"image.default\">\n\t\t\t\t<div class=\"elementor-widget-container\">\n\t\t\t\t\t\t\t\t\t\t\t\t\t\t\t<img fetchpriority=\"high\" decoding=\"async\" width=\"252\" height=\"219\" src=\"https:\/\/appw.pt\/wp-content\/uploads\/2025\/07\/86cad7_4b35ff9eb27a4ea3b1256b5ce9cd30ecmv2-1.avif\" class=\"attachment-full size-full wp-image-4860\" alt=\"\" \/>\t\t\t\t\t\t\t\t\t\t\t\t\t\t\t<\/div>\n\t\t\t\t<\/div>\n\t\t\t\t\t<\/div>\r\n\t\t\t\t<\/div>\r\n\t\t\t\t\t<\/div>\r\n\t\t\t\t<\/section>\r\n\t\t<div class=\"elementor-element elementor-element-cba9f9a e-flex e-con-boxed e-con e-parent\" data-id=\"cba9f9a\" data-element_type=\"container\" data-e-type=\"container\">\r\n\t\t\t\t\t<div class=\"e-con-inner\">\r\n\t\t\t\t<div class=\"elementor-element elementor-element-f60f508 elementor-widget elementor-widget-spacer\" data-id=\"f60f508\" data-element_type=\"widget\" data-e-type=\"widget\" data-widget_type=\"spacer.default\">\n\t\t\t\t<div class=\"elementor-widget-container\">\n\t\t\t\t\t\t\t<div class=\"elementor-spacer\">\n\t\t\t<div class=\"elementor-spacer-inner\"><\/div>\n\t\t<\/div>\n\t\t\t\t\t\t<\/div>\n\t\t\t\t<\/div>\n\t\t\t\t\t<\/div>\n\t\t\t\t<\/div>\n\t\t<div class=\"elementor-element elementor-element-c067444 e-flex e-con-boxed e-con e-parent\" data-id=\"c067444\" data-element_type=\"container\" data-e-type=\"container\">\r\n\t\t\t\t\t<div class=\"e-con-inner\">\r\n\t\t\t\t<div class=\"elementor-element elementor-element-8e0fe0c elementor-widget__width-initial elementor-invisible elementor-widget elementor-widget-porto_image_gallery\" data-id=\"8e0fe0c\" data-element_type=\"widget\" data-e-type=\"widget\" data-settings=\"{&quot;view&quot;:&quot;masonry&quot;,&quot;spacing&quot;:{&quot;unit&quot;:&quot;px&quot;,&quot;size&quot;:12,&quot;sizes&quot;:[]},&quot;_animation&quot;:&quot;fadeIn&quot;}\" data-widget_type=\"porto_image_gallery.default\">\n\t\t\t\t<div class=\"elementor-widget-container\">\n\t\t\t\t\t<div class=\"porto-gallery has-ccols ccols-1 has-ccols-spacing ccols-sm-2 porto-gallery-masonry lightbox porto-ig-zoom\" data-plugin-masonry data-plugin-options=\"{&quot;layoutMode&quot;:&quot;masonry&quot;,&quot;itemSelector&quot;:&quot;a&quot;,&quot;masonry&quot;:{&quot;columnWidth&quot;:&quot;a&quot;},&quot;animationEngine&quot;:&quot;best-available&quot;,&quot;resizable&quot;:false}\" data-lightbox-options=\"{&quot;delegate&quot;:&quot;a&quot;,&quot;mainClass&quot;:&quot;mfp-with-zoom&quot;,&quot;zoom&quot;:{&quot;enabled&quot;:true,&quot;duration&quot;:300},&quot;gallery&quot;:{&quot;enabled&quot;:true},&quot;type&quot;:&quot;image&quot;}\"><a href=\"https:\/\/appw.pt\/wp-content\/uploads\/2025\/09\/1.jpg\"><figure><img decoding=\"async\" width=\"940\" height=\"788\" src=\"https:\/\/appw.pt\/wp-content\/uploads\/2025\/09\/1.jpg\" class=\"attachment-large size-large\" alt=\"\" srcset=\"https:\/\/appw.pt\/wp-content\/uploads\/2025\/09\/1.jpg 940w, https:\/\/appw.pt\/wp-content\/uploads\/2025\/09\/1-768x644.jpg 768w, https:\/\/appw.pt\/wp-content\/uploads\/2025\/09\/1-640x537.jpg 640w, https:\/\/appw.pt\/wp-content\/uploads\/2025\/09\/1-400x335.jpg 400w, https:\/\/appw.pt\/wp-content\/uploads\/2025\/09\/1-367x308.jpg 367w, https:\/\/appw.pt\/wp-content\/uploads\/2025\/09\/1-600x503.jpg 600w\" sizes=\"(max-width: 940px) 100vw, 940px\" \/><\/figure><\/a><a href=\"https:\/\/appw.pt\/wp-content\/uploads\/2025\/09\/2-1.jpg\"><figure><img decoding=\"async\" width=\"940\" height=\"788\" src=\"https:\/\/appw.pt\/wp-content\/uploads\/2025\/09\/2-1.jpg\" class=\"attachment-large size-large\" alt=\"\" srcset=\"https:\/\/appw.pt\/wp-content\/uploads\/2025\/09\/2-1.jpg 940w, https:\/\/appw.pt\/wp-content\/uploads\/2025\/09\/2-1-768x644.jpg 768w, https:\/\/appw.pt\/wp-content\/uploads\/2025\/09\/2-1-640x537.jpg 640w, https:\/\/appw.pt\/wp-content\/uploads\/2025\/09\/2-1-400x335.jpg 400w, https:\/\/appw.pt\/wp-content\/uploads\/2025\/09\/2-1-367x308.jpg 367w, https:\/\/appw.pt\/wp-content\/uploads\/2025\/09\/2-1-600x503.jpg 600w\" sizes=\"(max-width: 940px) 100vw, 940px\" \/><\/figure><\/a><\/div>\t\t\t\t<\/div>\n\t\t\t\t<\/div>\n\t\t\t\t\t<\/div>\n\t\t\t\t<\/div>\n\t\t<div class=\"elementor-element elementor-element-085b36d e-flex e-con-boxed e-con e-parent\" data-id=\"085b36d\" data-element_type=\"container\" data-e-type=\"container\">\r\n\t\t\t\t\t<div class=\"e-con-inner\">\r\n\t\t\t\t<div class=\"elementor-element elementor-element-c5ef264 elementor-widget elementor-widget-spacer\" data-id=\"c5ef264\" data-element_type=\"widget\" data-e-type=\"widget\" data-widget_type=\"spacer.default\">\n\t\t\t\t<div class=\"elementor-widget-container\">\n\t\t\t\t\t\t\t<div class=\"elementor-spacer\">\n\t\t\t<div class=\"elementor-spacer-inner\"><\/div>\n\t\t<\/div>\n\t\t\t\t\t\t<\/div>\n\t\t\t\t<\/div>\n\t\t\t\t\t<\/div>\n\t\t\t\t<\/div>\n\t\t\t\t<\/div>\n\t\t","protected":false},"excerpt":{"rendered":"<p>A APPW estabeleceu um protocolo de colabora\u00e7\u00e3o com o Centro RE.DE \u2013 Centro de Reabilita\u00e7\u00e3o e Desenvolvimento, situado em Sintra. Esta parceria visa refor\u00e7ar a oferta de respostas terap\u00eauticas e de reabilita\u00e7\u00e3o especializadas para pessoas com S\u00edndrome de Prader-Willi. O Centro RE.DE \u00e9 uma institui\u00e7\u00e3o dedicada ao desenvolvimento terap\u00eautico e reabilita\u00e7\u00e3o de crian\u00e7as, jovens e [&hellip;]<\/p>\n","protected":false},"author":1,"featured_media":0,"parent":0,"menu_order":0,"comment_status":"closed","ping_status":"closed","template":"","meta":{"footnotes":""},"wf_page_folders":[39],"class_list":["post-4777","page","type-page","status-publish","hentry"],"_links":{"self":[{"href":"https:\/\/appw.pt\/index.php\/wp-json\/wp\/v2\/pages\/4777","targetHints":{"allow":["GET"]}}],"collection":[{"href":"https:\/\/appw.pt\/index.php\/wp-json\/wp\/v2\/pages"}],"about":[{"href":"https:\/\/appw.pt\/index.php\/wp-json\/wp\/v2\/types\/page"}],"author":[{"embeddable":true,"href":"https:\/\/appw.pt\/index.php\/wp-json\/wp\/v2\/users\/1"}],"replies":[{"embeddable":true,"href":"https:\/\/appw.pt\/index.php\/wp-json\/wp\/v2\/comments?post=4777"}],"version-history":[{"count":40,"href":"https:\/\/appw.pt\/index.php\/wp-json\/wp\/v2\/pages\/4777\/revisions"}],"predecessor-version":[{"id":6090,"href":"https:\/\/appw.pt\/index.php\/wp-json\/wp\/v2\/pages\/4777\/revisions\/6090"}],"wp:attachment":[{"href":"https:\/\/appw.pt\/index.php\/wp-json\/wp\/v2\/media?parent=4777"}],"wp:term":[{"taxonomy":"wf_page_folders","embeddable":true,"href":"https:\/\/appw.pt\/index.php\/wp-json\/wp\/v2\/wf_page_folders?post=4777"}],"curies":[{"name":"wp","href":"https:\/\/api.w.org\/{rel}","templated":true}]}}