{"id":4406,"date":"2025-01-15T11:53:35","date_gmt":"2025-01-15T11:53:35","guid":{"rendered":"https:\/\/appw.pt\/?page_id=4406"},"modified":"2025-09-02T11:51:01","modified_gmt":"2025-09-02T11:51:01","slug":"cadin","status":"publish","type":"page","link":"https:\/\/appw.pt\/index.php\/cadin\/","title":{"rendered":"CADIn"},"content":{"rendered":"\t\t<div data-elementor-type=\"wp-page\" data-elementor-id=\"4406\" class=\"elementor elementor-4406\">\n\t\t\t\t\t\t<section class=\"elementor-section elementor-top-section elementor-element elementor-element-38d557e elementor-section-content-middle overflow-hidden pt-md-4 pt-xl-0 elementor-section-boxed elementor-section-height-default elementor-section-height-default\" data-id=\"38d557e\" data-element_type=\"section\" data-e-type=\"section\">\r\n\t\t\r\n\t\t\t\t\t\t\t<div class=\"elementor-container elementor-column-gap-default\">\r\n\t\t\t\t\t\t\t\t\t\t\t<div class=\"elementor-column elementor-col-50 elementor-top-column elementor-element elementor-element-c3bb278\" data-id=\"c3bb278\" data-element_type=\"column\" data-e-type=\"column\">\r\n\t\t\t\t\t<div class=\"elementor-widget-wrap elementor-element-populated\">\r\n\t\t\t\t\t\t\t\t<div class=\"elementor-element elementor-element-169aada mb-4 elementor-invisible elementor-widget elementor-widget-heading\" data-id=\"169aada\" data-element_type=\"widget\" data-e-type=\"widget\" data-settings=\"{&quot;_animation&quot;:&quot;fadeInUp&quot;,&quot;_animation_delay&quot;:450}\" data-widget_type=\"heading.default\">\n\t\t\t\t<div class=\"elementor-widget-container\">\n\t\t\t\t\t<p class=\"elementor-heading-title elementor-size-default\">\u00c9 com grande entusiasmo que partilhamos com os nossos associados, pais e amigos que a APPW, tem protocolo com o CADIN \u2013 Neurodesenvolvimento e Inclus\u00e3o, criado em 2003 com a miss\u00e3o de promover a integra\u00e7\u00e3o na sociedade de crian\u00e7as, jovens e adultos com perturba\u00e7\u00f5es do neurodesenvolvimento.\n<\/p>\t\t\t\t<\/div>\n\t\t\t\t<\/div>\n\t\t\t\t<div class=\"elementor-element elementor-element-6a56734 elementor-widget elementor-widget-button\" data-id=\"6a56734\" data-element_type=\"widget\" data-e-type=\"widget\" data-widget_type=\"button.default\">\n\t\t\t\t<div class=\"elementor-widget-container\">\n\t\t\t\t\t\t\t\t\t<div class=\"elementor-button-wrapper\">\n\t\t\t\t\t<a class=\"elementor-button elementor-button-link elementor-size-sm\" href=\"https:\/\/appw.pt\/wp-content\/uploads\/2025\/01\/TABELA-DE-PRECOS-COM-PROTOCOLO-CADIN-APPW-1.pdf\" target=\"_blank\">\n\t\t\t\t\t\t<span class=\"elementor-button-content-wrapper\">\n\t\t\t\t\t\t\t\t\t<span class=\"elementor-button-text\">Tabela de Pre\u00e7os<\/span>\n\t\t\t\t\t<\/span>\n\t\t\t\t\t<\/a>\n\t\t\t\t<\/div>\n\t\t\t\t\t\t\t\t<\/div>\n\t\t\t\t<\/div>\n\t\t\t\t\t<\/div>\r\n\t\t\t\t<\/div>\r\n\t\t\t\t<div class=\"elementor-column elementor-col-50 elementor-top-column elementor-element elementor-element-c45fecf ps-lg-5 pe-5 custom-auto-img\" data-id=\"c45fecf\" data-element_type=\"column\" data-e-type=\"column\">\r\n\t\t\t\t\t<div class=\"elementor-widget-wrap elementor-element-populated\">\r\n\t\t\t\t\t\t\t\t<div class=\"elementor-element elementor-element-6aef0db elementor-widget elementor-widget-image\" data-id=\"6aef0db\" data-element_type=\"widget\" data-e-type=\"widget\" data-widget_type=\"image.default\">\n\t\t\t\t<div class=\"elementor-widget-container\">\n\t\t\t\t\t\t\t\t\t\t\t\t\t\t\t<img fetchpriority=\"high\" decoding=\"async\" width=\"692\" height=\"255\" src=\"https:\/\/appw.pt\/wp-content\/uploads\/2025\/01\/cadin.jpg\" class=\"attachment-full size-full wp-image-4408\" alt=\"\" srcset=\"https:\/\/appw.pt\/wp-content\/uploads\/2025\/01\/cadin.jpg 692w, https:\/\/appw.pt\/wp-content\/uploads\/2025\/01\/cadin-600x221.jpg 600w, https:\/\/appw.pt\/wp-content\/uploads\/2025\/01\/cadin-640x236.jpg 640w, https:\/\/appw.pt\/wp-content\/uploads\/2025\/01\/cadin-400x147.jpg 400w, https:\/\/appw.pt\/wp-content\/uploads\/2025\/01\/cadin-367x135.jpg 367w\" sizes=\"(max-width: 692px) 100vw, 692px\" \/>\t\t\t\t\t\t\t\t\t\t\t\t\t\t\t<\/div>\n\t\t\t\t<\/div>\n\t\t\t\t\t<\/div>\r\n\t\t\t\t<\/div>\r\n\t\t\t\t\t<\/div>\r\n\t\t\t\t<\/section>\r\n\t\t<div class=\"elementor-element elementor-element-adc54d4 e-flex e-con-boxed e-con e-parent\" data-id=\"adc54d4\" data-element_type=\"container\" data-e-type=\"container\">\r\n\t\t\t\t\t<div class=\"e-con-inner\">\r\n\t\t\t\t<div class=\"elementor-element elementor-element-b58fdc2 elementor-widget elementor-widget-spacer\" data-id=\"b58fdc2\" data-element_type=\"widget\" data-e-type=\"widget\" data-widget_type=\"spacer.default\">\n\t\t\t\t<div class=\"elementor-widget-container\">\n\t\t\t\t\t\t\t<div class=\"elementor-spacer\">\n\t\t\t<div class=\"elementor-spacer-inner\"><\/div>\n\t\t<\/div>\n\t\t\t\t\t\t<\/div>\n\t\t\t\t<\/div>\n\t\t\t\t\t<\/div>\n\t\t\t\t<\/div>\n\t\t<div class=\"elementor-element elementor-element-5d18e76 e-flex e-con-boxed e-con e-parent\" data-id=\"5d18e76\" data-element_type=\"container\" data-e-type=\"container\">\r\n\t\t\t\t\t<div class=\"e-con-inner\">\r\n\t\t\t\t<div class=\"elementor-element elementor-element-7838ee1 elementor-widget elementor-widget-heading\" data-id=\"7838ee1\" data-element_type=\"widget\" data-e-type=\"widget\" data-widget_type=\"heading.default\">\n\t\t\t\t<div class=\"elementor-widget-container\">\n\t\t\t\t\t<h2 class=\"elementor-heading-title elementor-size-default\">Bolsa social<\/h2>\t\t\t\t<\/div>\n\t\t\t\t<\/div>\n\t\t\t\t\t<\/div>\n\t\t\t\t<\/div>\n\t\t<div class=\"elementor-element elementor-element-02a04ee e-flex e-con-boxed e-con e-parent\" data-id=\"02a04ee\" data-element_type=\"container\" data-e-type=\"container\">\r\n\t\t\t\t\t<div class=\"e-con-inner\">\r\n\t\t\t\t<div class=\"elementor-element elementor-element-2c7b462 elementor-widget elementor-widget-spacer\" data-id=\"2c7b462\" data-element_type=\"widget\" data-e-type=\"widget\" data-widget_type=\"spacer.default\">\n\t\t\t\t<div class=\"elementor-widget-container\">\n\t\t\t\t\t\t\t<div class=\"elementor-spacer\">\n\t\t\t<div class=\"elementor-spacer-inner\"><\/div>\n\t\t<\/div>\n\t\t\t\t\t\t<\/div>\n\t\t\t\t<\/div>\n\t\t\t\t\t<\/div>\n\t\t\t\t<\/div>\n\t\t<div class=\"elementor-element elementor-element-97c1c70 e-flex e-con-boxed e-con e-parent\" data-id=\"97c1c70\" data-element_type=\"container\" data-e-type=\"container\">\r\n\t\t\t\t\t<div class=\"e-con-inner\">\r\n\t\t<div class=\"elementor-element elementor-element-5763f22 e-con-full e-flex e-con e-child\" data-id=\"5763f22\" data-element_type=\"container\" data-e-type=\"container\">\r\n\t\t\t\t<\/div>\n\t\t<div class=\"elementor-element elementor-element-75296d6 e-con-full e-flex e-con e-child\" data-id=\"75296d6\" data-element_type=\"container\" data-e-type=\"container\">\r\n\t\t\t\t<div class=\"elementor-element elementor-element-acd881d elementor-widget elementor-widget-image\" data-id=\"acd881d\" data-element_type=\"widget\" data-e-type=\"widget\" data-widget_type=\"image.default\">\n\t\t\t\t<div class=\"elementor-widget-container\">\n\t\t\t\t\t\t\t\t\t\t\t\t\t\t\t<img decoding=\"async\" width=\"820\" height=\"461\" src=\"https:\/\/appw.pt\/wp-content\/uploads\/2025\/07\/cadin-bolsa-sosial.png\" class=\"attachment-large size-large wp-image-5209\" alt=\"\" srcset=\"https:\/\/appw.pt\/wp-content\/uploads\/2025\/07\/cadin-bolsa-sosial.png 820w, https:\/\/appw.pt\/wp-content\/uploads\/2025\/07\/cadin-bolsa-sosial-768x432.png 768w, https:\/\/appw.pt\/wp-content\/uploads\/2025\/07\/cadin-bolsa-sosial-640x360.png 640w, https:\/\/appw.pt\/wp-content\/uploads\/2025\/07\/cadin-bolsa-sosial-400x225.png 400w, https:\/\/appw.pt\/wp-content\/uploads\/2025\/07\/cadin-bolsa-sosial-367x206.png 367w, https:\/\/appw.pt\/wp-content\/uploads\/2025\/07\/cadin-bolsa-sosial-600x337.png 600w\" sizes=\"(max-width: 820px) 100vw, 820px\" \/>\t\t\t\t\t\t\t\t\t\t\t\t\t\t\t<\/div>\n\t\t\t\t<\/div>\n\t\t\t\t<\/div>\n\t\t<div class=\"elementor-element elementor-element-11ca3c6 e-con-full e-flex e-con e-child\" data-id=\"11ca3c6\" data-element_type=\"container\" data-e-type=\"container\">\r\n\t\t\t\t<\/div>\n\t\t\t\t\t<\/div>\n\t\t\t\t<\/div>\n\t\t<div class=\"elementor-element elementor-element-9e40193 e-flex e-con-boxed e-con e-parent\" data-id=\"9e40193\" data-element_type=\"container\" data-e-type=\"container\">\r\n\t\t\t\t\t<div class=\"e-con-inner\">\r\n\t\t\t\t<div class=\"elementor-element elementor-element-2d18ba7 elementor-widget elementor-widget-spacer\" data-id=\"2d18ba7\" data-element_type=\"widget\" data-e-type=\"widget\" data-widget_type=\"spacer.default\">\n\t\t\t\t<div class=\"elementor-widget-container\">\n\t\t\t\t\t\t\t<div class=\"elementor-spacer\">\n\t\t\t<div class=\"elementor-spacer-inner\"><\/div>\n\t\t<\/div>\n\t\t\t\t\t\t<\/div>\n\t\t\t\t<\/div>\n\t\t\t\t\t<\/div>\n\t\t\t\t<\/div>\n\t\t<div class=\"elementor-element elementor-element-7e7baf7 e-flex e-con-boxed e-con e-parent\" data-id=\"7e7baf7\" data-element_type=\"container\" data-e-type=\"container\">\r\n\t\t\t\t\t<div class=\"e-con-inner\">\r\n\t\t\t\t<div class=\"elementor-element elementor-element-a1748a4 elementor-widget elementor-widget-porto_button\" data-id=\"a1748a4\" data-element_type=\"widget\" data-e-type=\"widget\" data-settings=\"{&quot;align&quot;:&quot;center&quot;}\" data-widget_type=\"porto_button.default\">\n\t\t\t\t<div class=\"elementor-widget-container\">\n\t\t\t\t\t<a aria-label=\"button\" class=\"btn btn-lg btn-primary btn-modern\" href=\"https:\/\/cadin.net\/intervencao-social-bolsa-social\/\" target=\"_blank\"><span >Saber mais<\/span><\/a>\t\t\t\t<\/div>\n\t\t\t\t<\/div>\n\t\t\t\t\t<\/div>\n\t\t\t\t<\/div>\n\t\t<div class=\"elementor-element elementor-element-2689d61 e-flex e-con-boxed e-con e-parent\" data-id=\"2689d61\" data-element_type=\"container\" data-e-type=\"container\">\r\n\t\t\t\t\t<div class=\"e-con-inner\">\r\n\t\t\t\t<div class=\"elementor-element elementor-element-b6412ce elementor-widget elementor-widget-spacer\" data-id=\"b6412ce\" data-element_type=\"widget\" data-e-type=\"widget\" data-widget_type=\"spacer.default\">\n\t\t\t\t<div class=\"elementor-widget-container\">\n\t\t\t\t\t\t\t<div class=\"elementor-spacer\">\n\t\t\t<div class=\"elementor-spacer-inner\"><\/div>\n\t\t<\/div>\n\t\t\t\t\t\t<\/div>\n\t\t\t\t<\/div>\n\t\t\t\t\t<\/div>\n\t\t\t\t<\/div>\n\t\t\t\t<\/div>\n\t\t","protected":false},"excerpt":{"rendered":"<p>\u00c9 com grande entusiasmo que partilhamos com os nossos associados, pais e amigos que a APPW, tem protocolo com o CADIN \u2013 Neurodesenvolvimento e Inclus\u00e3o, criado em 2003 com a miss\u00e3o de promover a integra\u00e7\u00e3o na sociedade de crian\u00e7as, jovens e adultos com perturba\u00e7\u00f5es do neurodesenvolvimento. Tabela de Pre\u00e7os Bolsa social Saber mais<\/p>\n","protected":false},"author":1,"featured_media":0,"parent":0,"menu_order":0,"comment_status":"closed","ping_status":"closed","template":"","meta":{"footnotes":""},"wf_page_folders":[39],"class_list":["post-4406","page","type-page","status-publish","hentry"],"_links":{"self":[{"href":"https:\/\/appw.pt\/index.php\/wp-json\/wp\/v2\/pages\/4406","targetHints":{"allow":["GET"]}}],"collection":[{"href":"https:\/\/appw.pt\/index.php\/wp-json\/wp\/v2\/pages"}],"about":[{"href":"https:\/\/appw.pt\/index.php\/wp-json\/wp\/v2\/types\/page"}],"author":[{"embeddable":true,"href":"https:\/\/appw.pt\/index.php\/wp-json\/wp\/v2\/users\/1"}],"replies":[{"embeddable":true,"href":"https:\/\/appw.pt\/index.php\/wp-json\/wp\/v2\/comments?post=4406"}],"version-history":[{"count":34,"href":"https:\/\/appw.pt\/index.php\/wp-json\/wp\/v2\/pages\/4406\/revisions"}],"predecessor-version":[{"id":6093,"href":"https:\/\/appw.pt\/index.php\/wp-json\/wp\/v2\/pages\/4406\/revisions\/6093"}],"wp:attachment":[{"href":"https:\/\/appw.pt\/index.php\/wp-json\/wp\/v2\/media?parent=4406"}],"wp:term":[{"taxonomy":"wf_page_folders","embeddable":true,"href":"https:\/\/appw.pt\/index.php\/wp-json\/wp\/v2\/wf_page_folders?post=4406"}],"curies":[{"name":"wp","href":"https:\/\/api.w.org\/{rel}","templated":true}]}}