{"id":4400,"date":"2025-01-15T11:44:39","date_gmt":"2025-01-15T11:44:39","guid":{"rendered":"https:\/\/appw.pt\/?page_id=4400"},"modified":"2025-07-31T23:01:41","modified_gmt":"2025-07-31T23:01:41","slug":"nutricao","status":"publish","type":"page","link":"https:\/\/appw.pt\/index.php\/nutricao\/","title":{"rendered":"Nutri\u00e7\u00e3o"},"content":{"rendered":"\t\t<div data-elementor-type=\"wp-page\" data-elementor-id=\"4400\" class=\"elementor elementor-4400\">\n\t\t\t\t\t\t<section class=\"elementor-section elementor-top-section elementor-element elementor-element-38d557e elementor-section-content-middle overflow-hidden pt-md-4 pt-xl-0 elementor-section-boxed elementor-section-height-default elementor-section-height-default\" data-id=\"38d557e\" data-element_type=\"section\" data-e-type=\"section\">\r\n\t\t\r\n\t\t\t\t\t\t\t<div class=\"elementor-container elementor-column-gap-default\">\r\n\t\t\t\t\t\t\t\t\t\t\t<div class=\"elementor-column elementor-col-50 elementor-top-column elementor-element elementor-element-c3bb278\" data-id=\"c3bb278\" data-element_type=\"column\" data-e-type=\"column\">\r\n\t\t\t\t\t<div class=\"elementor-widget-wrap elementor-element-populated\">\r\n\t\t\t\t\t\t\t\t<div class=\"elementor-element elementor-element-1c9569c elementor-invisible elementor-widget elementor-widget-heading\" data-id=\"1c9569c\" data-element_type=\"widget\" data-e-type=\"widget\" data-settings=\"{&quot;_animation&quot;:&quot;fadeInUp&quot;,&quot;_animation_delay&quot;:100}\" data-widget_type=\"heading.default\">\n\t\t\t\t<div class=\"elementor-widget-container\">\n\t\t\t\t\t<h2 class=\"elementor-heading-title elementor-size-default\">Dra. B\u00e1rbara Martins<\/h2>\t\t\t\t<\/div>\n\t\t\t\t<\/div>\n\t\t\t\t<div class=\"elementor-element elementor-element-ddcbac0 customLineProgressAnim my-3 elementor-widget-divider--view-line elementor-invisible elementor-widget elementor-widget-divider\" data-id=\"ddcbac0\" data-element_type=\"widget\" data-e-type=\"widget\" data-settings=\"{&quot;_animation&quot;:&quot;fadeIn&quot;,&quot;_animation_delay&quot;:300}\" data-widget_type=\"divider.default\">\n\t\t\t\t<div class=\"elementor-widget-container\">\n\t\t\t\t\t\t\t<div class=\"elementor-divider\">\n\t\t\t<span class=\"elementor-divider-separator\">\n\t\t\t\t\t\t<\/span>\n\t\t<\/div>\n\t\t\t\t\t\t<\/div>\n\t\t\t\t<\/div>\n\t\t\t\t<div class=\"elementor-element elementor-element-169aada mb-4 elementor-invisible elementor-widget elementor-widget-heading\" data-id=\"169aada\" data-element_type=\"widget\" data-e-type=\"widget\" data-settings=\"{&quot;_animation&quot;:&quot;fadeInUp&quot;,&quot;_animation_delay&quot;:450}\" data-widget_type=\"heading.default\">\n\t\t\t\t<div class=\"elementor-widget-container\">\n\t\t\t\t\t<p class=\"elementor-heading-title elementor-size-default\">Licenciada em Ci\u00eancias da Nutri\u00e7\u00e3o pelo Instituto Universit\u00e1rio Egas Moniz desde 2022 e membro da Ordem dos Nutricionistas \u2013 5698N. Tem um curso p\u00f3s-graduado em Nutri\u00e7\u00e3o e Alimenta\u00e7\u00e3o Pedi\u00e1trica pela NOVA Medical School e v\u00e1rios cursos de atualiza\u00e7\u00e3o na \u00e1rea materno-infantil. Fez um est\u00e1gio na \u00e1rea da nutri\u00e7\u00e3o em reumatologia e outro est\u00e1gio em nutri\u00e7\u00e3o materno-infantil, estando neste momento a trabalhar a t\u00edtulo privado no seu pr\u00f3prio projeto.<\/p>\t\t\t\t<\/div>\n\t\t\t\t<\/div>\n\t\t\t\t<div class=\"elementor-element elementor-element-ee7f617 mb-4 elementor-invisible elementor-widget elementor-widget-heading\" data-id=\"ee7f617\" data-element_type=\"widget\" data-e-type=\"widget\" data-settings=\"{&quot;_animation&quot;:&quot;fadeInUp&quot;,&quot;_animation_delay&quot;:450}\" data-widget_type=\"heading.default\">\n\t\t\t\t<div class=\"elementor-widget-container\">\n\t\t\t\t\t<p class=\"elementor-heading-title elementor-size-default\">A B\u00e1rbara criou um protocolo com a APPW com 15% de desconto nas consultas de nutri\u00e7\u00e3o para associados:\n<\/p>\t\t\t\t<\/div>\n\t\t\t\t<\/div>\n\t\t\t\t<div class=\"elementor-element elementor-element-32c94ec mb-4 elementor-invisible elementor-widget elementor-widget-heading\" data-id=\"32c94ec\" data-element_type=\"widget\" data-e-type=\"widget\" data-settings=\"{&quot;_animation&quot;:&quot;fadeInUp&quot;,&quot;_animation_delay&quot;:450}\" data-widget_type=\"heading.default\">\n\t\t\t\t<div class=\"elementor-widget-container\">\n\t\t\t\t\t<p class=\"elementor-heading-title elementor-size-default\">- Valor para associados: 38\u20ac<br>\n- Valor para n\u00e3o associados: 45\u20ac<\/p>\t\t\t\t<\/div>\n\t\t\t\t<\/div>\n\t\t\t\t<div class=\"elementor-element elementor-element-26936be elementor-widget__width-auto elementor-widget elementor-widget-button\" data-id=\"26936be\" data-element_type=\"widget\" data-e-type=\"widget\" data-widget_type=\"button.default\">\n\t\t\t\t<div class=\"elementor-widget-container\">\n\t\t\t\t\t\t\t\t\t<div class=\"elementor-button-wrapper\">\n\t\t\t\t\t<a class=\"elementor-button elementor-button-link elementor-size-sm\" href=\"https:\/\/www.instagram.com\/nutribarbarafmartins\/\">\n\t\t\t\t\t\t<span class=\"elementor-button-content-wrapper\">\n\t\t\t\t\t\t<span class=\"elementor-button-icon\">\n\t\t\t\t<svg aria-hidden=\"true\" class=\"e-font-icon-svg e-fab-instagram\" viewBox=\"0 0 448 512\" xmlns=\"http:\/\/www.w3.org\/2000\/svg\"><path d=\"M224.1 141c-63.6 0-114.9 51.3-114.9 114.9s51.3 114.9 114.9 114.9S339 319.5 339 255.9 287.7 141 224.1 141zm0 189.6c-41.1 0-74.7-33.5-74.7-74.7s33.5-74.7 74.7-74.7 74.7 33.5 74.7 74.7-33.6 74.7-74.7 74.7zm146.4-194.3c0 14.9-12 26.8-26.8 26.8-14.9 0-26.8-12-26.8-26.8s12-26.8 26.8-26.8 26.8 12 26.8 26.8zm76.1 27.2c-1.7-35.9-9.9-67.7-36.2-93.9-26.2-26.2-58-34.4-93.9-36.2-37-2.1-147.9-2.1-184.9 0-35.8 1.7-67.6 9.9-93.9 36.1s-34.4 58-36.2 93.9c-2.1 37-2.1 147.9 0 184.9 1.7 35.9 9.9 67.7 36.2 93.9s58 34.4 93.9 36.2c37 2.1 147.9 2.1 184.9 0 35.9-1.7 67.7-9.9 93.9-36.2 26.2-26.2 34.4-58 36.2-93.9 2.1-37 2.1-147.8 0-184.8zM398.8 388c-7.8 19.6-22.9 34.7-42.6 42.6-29.5 11.7-99.5 9-132.1 9s-102.7 2.6-132.1-9c-19.6-7.8-34.7-22.9-42.6-42.6-11.7-29.5-9-99.5-9-132.1s-2.6-102.7 9-132.1c7.8-19.6 22.9-34.7 42.6-42.6 29.5-11.7 99.5-9 132.1-9s102.7-2.6 132.1 9c19.6 7.8 34.7 22.9 42.6 42.6 11.7 29.5 9 99.5 9 132.1s2.7 102.7-9 132.1z\"><\/path><\/svg>\t\t\t<\/span>\n\t\t\t\t\t\t\t\t\t<span class=\"elementor-button-text\">Instagram<\/span>\n\t\t\t\t\t<\/span>\n\t\t\t\t\t<\/a>\n\t\t\t\t<\/div>\n\t\t\t\t\t\t\t\t<\/div>\n\t\t\t\t<\/div>\n\t\t\t\t<div class=\"elementor-element elementor-element-792b679 elementor-widget__width-auto elementor-widget elementor-widget-button\" data-id=\"792b679\" data-element_type=\"widget\" data-e-type=\"widget\" data-widget_type=\"button.default\">\n\t\t\t\t<div class=\"elementor-widget-container\">\n\t\t\t\t\t\t\t\t\t<div class=\"elementor-button-wrapper\">\n\t\t\t\t\t<a class=\"elementor-button elementor-button-link elementor-size-sm\" href=\"http:\/\/calendar.app.google\/VYsFuiwfyXb2888S9\">\n\t\t\t\t\t\t<span class=\"elementor-button-content-wrapper\">\n\t\t\t\t\t\t<span class=\"elementor-button-icon\">\n\t\t\t\t<svg aria-hidden=\"true\" class=\"e-font-icon-svg e-far-address-book\" viewBox=\"0 0 448 512\" xmlns=\"http:\/\/www.w3.org\/2000\/svg\"><path d=\"M436 160c6.6 0 12-5.4 12-12v-40c0-6.6-5.4-12-12-12h-20V48c0-26.5-21.5-48-48-48H48C21.5 0 0 21.5 0 48v416c0 26.5 21.5 48 48 48h320c26.5 0 48-21.5 48-48v-48h20c6.6 0 12-5.4 12-12v-40c0-6.6-5.4-12-12-12h-20v-64h20c6.6 0 12-5.4 12-12v-40c0-6.6-5.4-12-12-12h-20v-64h20zm-68 304H48V48h320v416zM208 256c35.3 0 64-28.7 64-64s-28.7-64-64-64-64 28.7-64 64 28.7 64 64 64zm-89.6 128h179.2c12.4 0 22.4-8.6 22.4-19.2v-19.2c0-31.8-30.1-57.6-67.2-57.6-10.8 0-18.7 8-44.8 8-26.9 0-33.4-8-44.8-8-37.1 0-67.2 25.8-67.2 57.6v19.2c0 10.6 10 19.2 22.4 19.2z\"><\/path><\/svg>\t\t\t<\/span>\n\t\t\t\t\t\t\t\t\t<span class=\"elementor-button-text\">Agendar<\/span>\n\t\t\t\t\t<\/span>\n\t\t\t\t\t<\/a>\n\t\t\t\t<\/div>\n\t\t\t\t\t\t\t\t<\/div>\n\t\t\t\t<\/div>\n\t\t\t\t\t<\/div>\r\n\t\t\t\t<\/div>\r\n\t\t\t\t<div class=\"elementor-column elementor-col-50 elementor-top-column elementor-element elementor-element-c45fecf ps-lg-5 pe-5 custom-auto-img\" data-id=\"c45fecf\" data-element_type=\"column\" data-e-type=\"column\">\r\n\t\t\t\t\t<div class=\"elementor-widget-wrap elementor-element-populated\">\r\n\t\t\t\t\t\t\t\t<div class=\"elementor-element elementor-element-6aef0db elementor-widget elementor-widget-image\" data-id=\"6aef0db\" data-element_type=\"widget\" data-e-type=\"widget\" data-widget_type=\"image.default\">\n\t\t\t\t<div class=\"elementor-widget-container\">\n\t\t\t\t\t\t\t\t\t\t\t\t\t\t\t<img fetchpriority=\"high\" decoding=\"async\" width=\"1217\" height=\"996\" src=\"https:\/\/appw.pt\/wp-content\/uploads\/2025\/04\/Captura-de-ecra-2025-04-23-220358.jpg\" class=\"attachment-full size-full wp-image-4725\" alt=\"\" srcset=\"https:\/\/appw.pt\/wp-content\/uploads\/2025\/04\/Captura-de-ecra-2025-04-23-220358.jpg 1217w, https:\/\/appw.pt\/wp-content\/uploads\/2025\/04\/Captura-de-ecra-2025-04-23-220358-1024x838.jpg 1024w, https:\/\/appw.pt\/wp-content\/uploads\/2025\/04\/Captura-de-ecra-2025-04-23-220358-768x629.jpg 768w, https:\/\/appw.pt\/wp-content\/uploads\/2025\/04\/Captura-de-ecra-2025-04-23-220358-640x524.jpg 640w, https:\/\/appw.pt\/wp-content\/uploads\/2025\/04\/Captura-de-ecra-2025-04-23-220358-400x327.jpg 400w, https:\/\/appw.pt\/wp-content\/uploads\/2025\/04\/Captura-de-ecra-2025-04-23-220358-367x300.jpg 367w, https:\/\/appw.pt\/wp-content\/uploads\/2025\/04\/Captura-de-ecra-2025-04-23-220358-600x491.jpg 600w\" sizes=\"(max-width: 1217px) 100vw, 1217px\" \/>\t\t\t\t\t\t\t\t\t\t\t\t\t\t\t<\/div>\n\t\t\t\t<\/div>\n\t\t\t\t\t<\/div>\r\n\t\t\t\t<\/div>\r\n\t\t\t\t\t<\/div>\r\n\t\t\t\t<\/section>\r\n\t\t\t\t<section class=\"elementor-section elementor-top-section elementor-element elementor-element-5b46b77 elementor-section-content-middle overflow-hidden pt-md-4 pt-xl-0 elementor-section-boxed elementor-section-height-default elementor-section-height-default\" data-id=\"5b46b77\" data-element_type=\"section\" data-e-type=\"section\">\r\n\t\t\r\n\t\t\t\t\t\t\t<div class=\"elementor-container elementor-column-gap-default\">\r\n\t\t\t\t\t\t\t\t\t\t\t<div class=\"elementor-column elementor-col-50 elementor-top-column elementor-element elementor-element-c53d0f9\" data-id=\"c53d0f9\" data-element_type=\"column\" data-e-type=\"column\">\r\n\t\t\t\t\t<div class=\"elementor-widget-wrap elementor-element-populated\">\r\n\t\t\t\t\t\t\t\t<div class=\"elementor-element elementor-element-e3c15af elementor-invisible elementor-widget elementor-widget-heading\" data-id=\"e3c15af\" data-element_type=\"widget\" data-e-type=\"widget\" data-settings=\"{&quot;_animation&quot;:&quot;fadeInUp&quot;,&quot;_animation_delay&quot;:100}\" data-widget_type=\"heading.default\">\n\t\t\t\t<div class=\"elementor-widget-container\">\n\t\t\t\t\t<h2 class=\"elementor-heading-title elementor-size-default\">Dra. Carla Estrela<\/h2>\t\t\t\t<\/div>\n\t\t\t\t<\/div>\n\t\t\t\t<div class=\"elementor-element elementor-element-71e49aa customLineProgressAnim my-3 elementor-widget-divider--view-line elementor-invisible elementor-widget elementor-widget-divider\" data-id=\"71e49aa\" data-element_type=\"widget\" data-e-type=\"widget\" data-settings=\"{&quot;_animation&quot;:&quot;fadeIn&quot;,&quot;_animation_delay&quot;:300}\" data-widget_type=\"divider.default\">\n\t\t\t\t<div class=\"elementor-widget-container\">\n\t\t\t\t\t\t\t<div class=\"elementor-divider\">\n\t\t\t<span class=\"elementor-divider-separator\">\n\t\t\t\t\t\t<\/span>\n\t\t<\/div>\n\t\t\t\t\t\t<\/div>\n\t\t\t\t<\/div>\n\t\t\t\t<div class=\"elementor-element elementor-element-258b7d6 mb-4 elementor-invisible elementor-widget elementor-widget-heading\" data-id=\"258b7d6\" data-element_type=\"widget\" data-e-type=\"widget\" data-settings=\"{&quot;_animation&quot;:&quot;fadeInUp&quot;,&quot;_animation_delay&quot;:450}\" data-widget_type=\"heading.default\">\n\t\t\t\t<div class=\"elementor-widget-container\">\n\t\t\t\t\t<p class=\"elementor-heading-title elementor-size-default\">Dra. Carla Estrela T\u00e9cnica de Nutri\u00e7\u00e3o desde 2018, licenciada em ci\u00eancias de nutri\u00e7\u00e3o na Universidade New Atl\u00e2ntica, Oeiras. Tendo efetuado v\u00e1rios est\u00e1gios na \u00e1rea da cirurgia bari\u00e1trica.\n<\/p>\t\t\t\t<\/div>\n\t\t\t\t<\/div>\n\t\t\t\t<div class=\"elementor-element elementor-element-de73351 mb-4 elementor-invisible elementor-widget elementor-widget-heading\" data-id=\"de73351\" data-element_type=\"widget\" data-e-type=\"widget\" data-settings=\"{&quot;_animation&quot;:&quot;fadeInUp&quot;,&quot;_animation_delay&quot;:450}\" data-widget_type=\"heading.default\">\n\t\t\t\t<div class=\"elementor-widget-container\">\n\t\t\t\t\t<p class=\"elementor-heading-title elementor-size-default\">Ap\u00f3s a forma\u00e7\u00e3o acad\u00e9mica acompanhou a n\u00edvel nutricional jovens desportistas, trabalhou na \u00e1rea de sa\u00fade em v\u00e1rios hospitais \u2013 nomeadamente Hospital de Cascais e Cl\u00ednica da luz em Oeiras. Abra\u00e7ou esta causa para ajudar os pais e fam\u00edlias que tanto necessitam de orienta\u00e7\u00e3o, manuten\u00e7\u00e3o e melhoria da sua qualidade de vida. A S\u00edndrome de Prader Willi \u00e9 extremamente complexa e necessita de uma fiscaliza\u00e7\u00e3o a n\u00edvel nutricional.\n<\/p>\t\t\t\t<\/div>\n\t\t\t\t<\/div>\n\t\t\t\t<div class=\"elementor-element elementor-element-0131b3f mb-4 elementor-invisible elementor-widget elementor-widget-heading\" data-id=\"0131b3f\" data-element_type=\"widget\" data-e-type=\"widget\" data-settings=\"{&quot;_animation&quot;:&quot;fadeInUp&quot;,&quot;_animation_delay&quot;:450}\" data-widget_type=\"heading.default\">\n\t\t\t\t<div class=\"elementor-widget-container\">\n\t\t\t\t\t<p class=\"elementor-heading-title elementor-size-default\">A orienta\u00e7\u00e3o das fam\u00edlias pode ser dada via on-line ou com marca\u00e7\u00e3o previa numa das salas de trabalho da APPW- Associa\u00e7\u00e3o Portuguesa de Prader Willi, sendo necess\u00e1ria o envio de um email para info@appw.pt.<\/p>\t\t\t\t<\/div>\n\t\t\t\t<\/div>\n\t\t\t\t\t<\/div>\r\n\t\t\t\t<\/div>\r\n\t\t\t\t<div class=\"elementor-column elementor-col-50 elementor-top-column elementor-element elementor-element-d82053d ps-lg-5 pe-5 custom-auto-img\" data-id=\"d82053d\" data-element_type=\"column\" data-e-type=\"column\">\r\n\t\t\t\t\t<div class=\"elementor-widget-wrap elementor-element-populated\">\r\n\t\t\t\t\t\t\t\t<div class=\"elementor-element elementor-element-c883804 elementor-widget elementor-widget-image\" data-id=\"c883804\" data-element_type=\"widget\" data-e-type=\"widget\" data-widget_type=\"image.default\">\n\t\t\t\t<div class=\"elementor-widget-container\">\n\t\t\t\t\t\t\t\t\t\t\t\t\t\t\t<img decoding=\"async\" width=\"1005\" height=\"1005\" src=\"https:\/\/appw.pt\/wp-content\/uploads\/2025\/01\/Imagem-WhatsApp-2023-12-01-as-01.30.11_51095ed7-1-1024x1005-1.jpg\" class=\"attachment-full size-full wp-image-4402\" alt=\"\" srcset=\"https:\/\/appw.pt\/wp-content\/uploads\/2025\/01\/Imagem-WhatsApp-2023-12-01-as-01.30.11_51095ed7-1-1024x1005-1.jpg 1005w, https:\/\/appw.pt\/wp-content\/uploads\/2025\/01\/Imagem-WhatsApp-2023-12-01-as-01.30.11_51095ed7-1-1024x1005-1-600x600.jpg 600w, https:\/\/appw.pt\/wp-content\/uploads\/2025\/01\/Imagem-WhatsApp-2023-12-01-as-01.30.11_51095ed7-1-1024x1005-1-768x768.jpg 768w, https:\/\/appw.pt\/wp-content\/uploads\/2025\/01\/Imagem-WhatsApp-2023-12-01-as-01.30.11_51095ed7-1-1024x1005-1-640x640.jpg 640w, https:\/\/appw.pt\/wp-content\/uploads\/2025\/01\/Imagem-WhatsApp-2023-12-01-as-01.30.11_51095ed7-1-1024x1005-1-400x400.jpg 400w, https:\/\/appw.pt\/wp-content\/uploads\/2025\/01\/Imagem-WhatsApp-2023-12-01-as-01.30.11_51095ed7-1-1024x1005-1-560x560.jpg 560w, https:\/\/appw.pt\/wp-content\/uploads\/2025\/01\/Imagem-WhatsApp-2023-12-01-as-01.30.11_51095ed7-1-1024x1005-1-367x367.jpg 367w\" sizes=\"(max-width: 1005px) 100vw, 1005px\" \/>\t\t\t\t\t\t\t\t\t\t\t\t\t\t\t<\/div>\n\t\t\t\t<\/div>\n\t\t\t\t\t<\/div>\r\n\t\t\t\t<\/div>\r\n\t\t\t\t\t<\/div>\r\n\t\t\t\t<\/section>\r\n\t\t\t\t<\/div>\n\t\t","protected":false},"excerpt":{"rendered":"<p>Dra. B\u00e1rbara Martins Licenciada em Ci\u00eancias da Nutri\u00e7\u00e3o pelo Instituto Universit\u00e1rio Egas Moniz desde 2022 e membro da Ordem dos Nutricionistas \u2013 5698N. Tem um curso p\u00f3s-graduado em Nutri\u00e7\u00e3o e Alimenta\u00e7\u00e3o Pedi\u00e1trica pela NOVA Medical School e v\u00e1rios cursos de atualiza\u00e7\u00e3o na \u00e1rea materno-infantil. Fez um est\u00e1gio na \u00e1rea da nutri\u00e7\u00e3o em reumatologia e outro [&hellip;]<\/p>\n","protected":false},"author":1,"featured_media":0,"parent":0,"menu_order":0,"comment_status":"closed","ping_status":"closed","template":"","meta":{"footnotes":""},"wf_page_folders":[39],"class_list":["post-4400","page","type-page","status-publish","hentry"],"_links":{"self":[{"href":"https:\/\/appw.pt\/index.php\/wp-json\/wp\/v2\/pages\/4400","targetHints":{"allow":["GET"]}}],"collection":[{"href":"https:\/\/appw.pt\/index.php\/wp-json\/wp\/v2\/pages"}],"about":[{"href":"https:\/\/appw.pt\/index.php\/wp-json\/wp\/v2\/types\/page"}],"author":[{"embeddable":true,"href":"https:\/\/appw.pt\/index.php\/wp-json\/wp\/v2\/users\/1"}],"replies":[{"embeddable":true,"href":"https:\/\/appw.pt\/index.php\/wp-json\/wp\/v2\/comments?post=4400"}],"version-history":[{"count":10,"href":"https:\/\/appw.pt\/index.php\/wp-json\/wp\/v2\/pages\/4400\/revisions"}],"predecessor-version":[{"id":5503,"href":"https:\/\/appw.pt\/index.php\/wp-json\/wp\/v2\/pages\/4400\/revisions\/5503"}],"wp:attachment":[{"href":"https:\/\/appw.pt\/index.php\/wp-json\/wp\/v2\/media?parent=4400"}],"wp:term":[{"taxonomy":"wf_page_folders","embeddable":true,"href":"https:\/\/appw.pt\/index.php\/wp-json\/wp\/v2\/wf_page_folders?post=4400"}],"curies":[{"name":"wp","href":"https:\/\/api.w.org\/{rel}","templated":true}]}}